{"id":1194,"date":"2025-04-22T21:06:15","date_gmt":"2025-04-22T19:06:15","guid":{"rendered":"https:\/\/flydjdesigns.com\/?page_id=1194"},"modified":"2025-04-22T21:23:16","modified_gmt":"2025-04-22T19:23:16","slug":"mas-sobre-nosotros","status":"publish","type":"page","link":"https:\/\/flydjdesigns.com\/index.php\/mas-sobre-nosotros\/","title":{"rendered":"Sobre nosotros"},"content":{"rendered":"\n<p class=\"has-accent-color has-text-color has-link-color wp-elements-8e1a0bd9c2e10242e071dc5e81970e77\" style=\"font-size:27px\"><strong>Donde el juego se convierte en legado.<\/strong><\/p>\n\n\n\n<p>En Hasbro, llevamos d\u00e9cadas creando sonrisas, aventuras y recuerdos inolvidables. Somos una marca global de entretenimiento y juguetes que transforma la imaginaci\u00f3n en experiencias reales. Desde figuras ic\u00f3nicas como <em>Transformers<\/em> y <em>My <\/em><em>Little <\/em><em>Pony<\/em>y <em>My Little Pony<\/em> , hasta cl\u00e1sicos como <em>Monopoly<\/em> , <em>NERF<\/em> , <em>Play-Doh<\/em> y muchos m\u00e1s, nuestro compromiso es simple: <strong>hacer que cada generaci\u00f3n juegue, cree y sue\u00f1e.<\/strong><\/p>\n\n\n\n<p>Creemos que el juego es una herramienta poderosa para aprender, conectar y crecer. Por eso, dise\u00f1amos productos y contenidos que inspiran la creatividad, fomentan la amistad y fortalecen los lazos entre personas de todas las edades.<\/p>\n\n\n\n<p>Desde nuestros inicios hasta hoy, evolucionamos con el mundo sin perder la esencia: <strong>crear momentos m\u00e1gicos a trav\u00e9s del juego.<\/strong><\/p>\n\n\n\n<h3 class=\"wp-block-heading has-accent-color has-text-color has-link-color wp-elements-c95b8ed0b3300ba1c69a5bd752668202\" style=\"font-size:23px\"><strong>Puedes agregar secciones complementarias como:<\/strong><\/h3>\n\n\n\n<ul class=\"wp-block-list\">\n<li><strong>Nuestra misi\u00f3n:<\/strong> Crear experiencias queCrea experiencias que conecten y entretengan a trav\u00e9s del juego.<\/li>\n\n\n\n<li><strong>Valores:<\/strong> Creatividad , inclusi\u00f3n , innovaci\u00f3n , responsabilidadCreatividad, inclusi\u00f3n, innovaci\u00f3n, responsabilidad social.<\/li>\n\n\n\n<li><strong>Presencia global:<\/strong> +100 pa\u00edses, millones de jugadores, una sola pasi\u00f3n: jugar.<\/li>\n\n\n\n<li><strong>Compromiso social:<\/strong> Proyectos educativosProyectos educativos, sostenibilidad y apoyo comunitario.<\/li>\n<\/ul>\n\n\n\n<figure class=\"wp-block-image size-large\"><img loading=\"lazy\" decoding=\"async\" width=\"1024\" height=\"576\" src=\"https:\/\/flydjdesigns.com\/wp-content\/uploads\/2025\/04\/hasbro-3306908-2-1024x576.webp\" alt=\"\" class=\"wp-image-1224\" srcset=\"https:\/\/flydjdesigns.com\/wp-content\/uploads\/2025\/04\/hasbro-3306908-2-1024x576.webp 1024w, https:\/\/flydjdesigns.com\/wp-content\/uploads\/2025\/04\/hasbro-3306908-2-600x338.webp 600w, https:\/\/flydjdesigns.com\/wp-content\/uploads\/2025\/04\/hasbro-3306908-2-300x169.webp 300w, https:\/\/flydjdesigns.com\/wp-content\/uploads\/2025\/04\/hasbro-3306908-2-768x432.webp 768w, https:\/\/flydjdesigns.com\/wp-content\/uploads\/2025\/04\/hasbro-3306908-2-1536x864.webp 1536w, https:\/\/flydjdesigns.com\/wp-content\/uploads\/2025\/04\/hasbro-3306908-2.webp 1920w\" sizes=\"auto, (max-width: 1024px) 100vw, 1024px\" \/><\/figure>\n","protected":false},"excerpt":{"rendered":"<p>Donde el juego se convierte en legado. En Hasbro, llevamos d\u00e9cadas creando sonrisas, aventuras y recuerdos inolvidables. Somos una marca global de entretenimiento y juguetes que transforma la imaginaci\u00f3n en experiencias reales. Desde figuras ic\u00f3nicas como Transformers y My Little Ponyy My Little Pony , hasta cl\u00e1sicos como Monopoly , NERF , Play-Doh y muchos &#8230; <a title=\"Sobre nosotros\" class=\"read-more\" href=\"https:\/\/flydjdesigns.com\/index.php\/mas-sobre-nosotros\/\" aria-label=\"Leer m\u00e1s sobre Sobre nosotros\">Leer m\u00e1s<\/a><\/p>\n","protected":false},"author":1,"featured_media":0,"parent":0,"menu_order":0,"comment_status":"closed","ping_status":"closed","template":"","meta":{"footnotes":""},"class_list":["post-1194","page","type-page","status-publish"],"_links":{"self":[{"href":"https:\/\/flydjdesigns.com\/index.php\/wp-json\/wp\/v2\/pages\/1194","targetHints":{"allow":["GET"]}}],"collection":[{"href":"https:\/\/flydjdesigns.com\/index.php\/wp-json\/wp\/v2\/pages"}],"about":[{"href":"https:\/\/flydjdesigns.com\/index.php\/wp-json\/wp\/v2\/types\/page"}],"author":[{"embeddable":true,"href":"https:\/\/flydjdesigns.com\/index.php\/wp-json\/wp\/v2\/users\/1"}],"replies":[{"embeddable":true,"href":"https:\/\/flydjdesigns.com\/index.php\/wp-json\/wp\/v2\/comments?post=1194"}],"version-history":[{"count":11,"href":"https:\/\/flydjdesigns.com\/index.php\/wp-json\/wp\/v2\/pages\/1194\/revisions"}],"predecessor-version":[{"id":1234,"href":"https:\/\/flydjdesigns.com\/index.php\/wp-json\/wp\/v2\/pages\/1194\/revisions\/1234"}],"wp:attachment":[{"href":"https:\/\/flydjdesigns.com\/index.php\/wp-json\/wp\/v2\/media?parent=1194"}],"curies":[{"name":"wp","href":"https:\/\/api.w.org\/{rel}","templated":true}]}}