{"id":1340,"date":"2025-04-30T03:32:54","date_gmt":"2025-04-30T01:32:54","guid":{"rendered":"https:\/\/flydjdesigns.com\/?page_id=1340"},"modified":"2025-05-07T02:56:22","modified_gmt":"2025-05-07T00:56:22","slug":"star-wars","status":"publish","type":"page","link":"https:\/\/flydjdesigns.com\/index.php\/star-wars\/","title":{"rendered":"Star Wars"},"content":{"rendered":"\n<div class=\"wp-block-group alignfull has-background-color has-white-color has-black-background-color has-text-color has-background has-link-color wp-elements-71cf025b7dc5168ea32fafb985d27c14\" style=\"padding-top:var(--wp--preset--spacing--30);padding-right:var(--wp--preset--spacing--30);padding-bottom:var(--wp--preset--spacing--30);padding-left:var(--wp--preset--spacing--30)\"><div class=\"wp-block-group__inner-container is-layout-constrained wp-container-core-group-is-layout-97875daf wp-block-group-is-layout-constrained\"><div class=\"wp-block-image\">\n<figure class=\"aligncenter size-medium\"><img loading=\"lazy\" decoding=\"async\" width=\"300\" height=\"182\" src=\"https:\/\/flydjdesigns.com\/wp-content\/uploads\/2025\/05\/Star_Wars_Logo.svg_-1-300x182.png\" alt=\"\" class=\"wp-image-1931\" srcset=\"https:\/\/flydjdesigns.com\/wp-content\/uploads\/2025\/05\/Star_Wars_Logo.svg_-1-300x182.png 300w, https:\/\/flydjdesigns.com\/wp-content\/uploads\/2025\/05\/Star_Wars_Logo.svg_-1-768x465.png 768w, https:\/\/flydjdesigns.com\/wp-content\/uploads\/2025\/05\/Star_Wars_Logo.svg_-1-600x363.png 600w, https:\/\/flydjdesigns.com\/wp-content\/uploads\/2025\/05\/Star_Wars_Logo.svg_-1.png 800w\" sizes=\"auto, (max-width: 300px) 100vw, 300px\" \/><\/figure><\/div><\/div><\/div>\n\n\n\n<div class=\"wp-block-cover alignfull\"><img loading=\"lazy\" decoding=\"async\" width=\"1024\" height=\"576\" class=\"wp-block-cover__image-background wp-image-1913 size-large\" alt=\"\" src=\"https:\/\/flydjdesigns.com\/wp-content\/uploads\/2025\/05\/starwars-1024x576.jpg\" data-object-fit=\"cover\" srcset=\"https:\/\/flydjdesigns.com\/wp-content\/uploads\/2025\/05\/starwars-1024x576.jpg 1024w, https:\/\/flydjdesigns.com\/wp-content\/uploads\/2025\/05\/starwars-300x169.jpg 300w, https:\/\/flydjdesigns.com\/wp-content\/uploads\/2025\/05\/starwars-768x432.jpg 768w, https:\/\/flydjdesigns.com\/wp-content\/uploads\/2025\/05\/starwars-1536x864.jpg 1536w, https:\/\/flydjdesigns.com\/wp-content\/uploads\/2025\/05\/starwars-600x338.jpg 600w, https:\/\/flydjdesigns.com\/wp-content\/uploads\/2025\/05\/starwars.jpg 1920w\" sizes=\"auto, (max-width: 1024px) 100vw, 1024px\" \/><span aria-hidden=\"true\" class=\"wp-block-cover__background has-background-dim\" style=\"background-color:#483e39\"><\/span><div class=\"wp-block-cover__inner-container is-layout-constrained wp-block-cover-is-layout-constrained\">\n<p class=\"has-text-align-center has-large-font-size\"><\/p>\n<\/div><\/div>\n\n\n\n<p>\u00a1Los coleccionistas pueden imaginar las batallas y misiones m\u00e1s importantes de la saga STAR WARS con las figuras de STAR WARS The Black Series! Con caracter\u00edsticas y decoraci\u00f3n exquisitas, esta serie encarna la calidad y el realismo que los fan\u00e1ticos de STAR WARS adoran.Ocultar filtros<\/p>\n\n\n\n<div class=\"wp-block-columns is-layout-flex wp-container-core-columns-is-layout-9d6595d7 wp-block-columns-is-layout-flex\">\n<div class=\"wp-block-column is-layout-flow wp-block-column-is-layout-flow\"><\/div>\n\n\n\n<div class=\"wp-block-column is-layout-flow wp-block-column-is-layout-flow\">\n<div class=\"wp-block-buttons is-layout-flex wp-block-buttons-is-layout-flex\">\n<div class=\"wp-block-button\"><a class=\"wp-block-button__link wp-element-button\">Tipo de producto<\/a><\/div>\n\n\n\n<div class=\"wp-block-button\"><a class=\"wp-block-button__link wp-element-button\">Edad<\/a><\/div>\n<\/div>\n<\/div>\n\n\n\n<div class=\"wp-block-column is-layout-flow wp-block-column-is-layout-flow\">\n<div class=\"wp-block-buttons is-layout-flex wp-block-buttons-is-layout-flex\">\n<div class=\"wp-block-button\"><a class=\"wp-block-button__link wp-element-button\">Precio<\/a><\/div>\n\n\n\n<div class=\"wp-block-button\"><a class=\"wp-block-button__link wp-element-button\">Ordenar Por<\/a><\/div>\n<\/div>\n<\/div>\n<\/div>\n\n\n\n<div class=\"wp-block-columns is-layout-flex wp-container-core-columns-is-layout-9d6595d7 wp-block-columns-is-layout-flex\">\n<div class=\"wp-block-column is-layout-flow wp-block-column-is-layout-flow\">\n<figure class=\"wp-block-image size-full\"><img loading=\"lazy\" decoding=\"async\" width=\"800\" height=\"800\" src=\"https:\/\/flydjdesigns.com\/wp-content\/uploads\/2025\/04\/baby-yoda.png\" alt=\"\" class=\"wp-image-1360\" srcset=\"https:\/\/flydjdesigns.com\/wp-content\/uploads\/2025\/04\/baby-yoda.png 800w, https:\/\/flydjdesigns.com\/wp-content\/uploads\/2025\/04\/baby-yoda-300x300.png 300w, https:\/\/flydjdesigns.com\/wp-content\/uploads\/2025\/04\/baby-yoda-150x150.png 150w, https:\/\/flydjdesigns.com\/wp-content\/uploads\/2025\/04\/baby-yoda-768x768.png 768w, https:\/\/flydjdesigns.com\/wp-content\/uploads\/2025\/04\/baby-yoda-600x600.png 600w, https:\/\/flydjdesigns.com\/wp-content\/uploads\/2025\/04\/baby-yoda-100x100.png 100w\" sizes=\"auto, (max-width: 800px) 100vw, 800px\" \/><\/figure>\n\n\n\n<p class=\"has-text-align-center\">              <a href=\"https:\/\/shop.hasbro.com\/es-419\/product\/star-wars-wild-ridin-grogu-the-child-animatronic-sound-and-motion-combinations-star-wars-toy-for-kids-ages-4-and-up\/B771B7B7-517B-4538-B823-363899D3BCAE\">Star Wars &#8211; Wild Ridin&#8217; Grogu<\/a><\/p>\n\n\n\n<div class=\"wp-block-buttons is-content-justification-center is-layout-flex wp-container-core-buttons-is-layout-16018d1d wp-block-buttons-is-layout-flex\">\n<div class=\"wp-block-button\"><a class=\"wp-block-button__link wp-element-button\">VISTA RAPIDA<\/a><\/div>\n<\/div>\n<\/div>\n\n\n\n<div class=\"wp-block-column is-layout-flow wp-block-column-is-layout-flow\">\n<figure class=\"wp-block-image size-full is-resized\"><img loading=\"lazy\" decoding=\"async\" width=\"1000\" height=\"1000\" src=\"https:\/\/flydjdesigns.com\/wp-content\/uploads\/2025\/05\/MANDALORIAN.avif\" alt=\"\" class=\"wp-image-1381\" style=\"width:307px;height:auto\" srcset=\"https:\/\/flydjdesigns.com\/wp-content\/uploads\/2025\/05\/MANDALORIAN.avif 1000w, https:\/\/flydjdesigns.com\/wp-content\/uploads\/2025\/05\/MANDALORIAN-300x300.avif 300w, https:\/\/flydjdesigns.com\/wp-content\/uploads\/2025\/05\/MANDALORIAN-150x150.avif 150w, https:\/\/flydjdesigns.com\/wp-content\/uploads\/2025\/05\/MANDALORIAN-768x768.avif 768w, https:\/\/flydjdesigns.com\/wp-content\/uploads\/2025\/05\/MANDALORIAN-600x600.avif 600w, https:\/\/flydjdesigns.com\/wp-content\/uploads\/2025\/05\/MANDALORIAN-100x100.avif 100w\" sizes=\"auto, (max-width: 1000px) 100vw, 1000px\" \/><\/figure>\n\n\n\n<p class=\"has-text-align-center\"><a href=\"https:\/\/shop.hasbro.com\/es-419\/product\/star-wars-galactic-action-the-mandalorian-and-grogu-interactive-electronic-12-inch-scale-figures-toys-kids-ages-4-and-up\/4837A7E8-C065-485B-A71A-C06C8CE236B7\">Star Wars &#8211; Galactic Action &#8211; The Mandalorian &amp; Grogu &#8211; Figuras electr\u00f3nicas interactivas<\/a><\/p>\n\n\n\n<div class=\"wp-block-buttons is-content-justification-center is-layout-flex wp-container-core-buttons-is-layout-16018d1d wp-block-buttons-is-layout-flex\">\n<div class=\"wp-block-button\"><a class=\"wp-block-button__link wp-element-button\">VISTA RAPIDA<\/a><\/div>\n<\/div>\n<\/div>\n\n\n\n<div class=\"wp-block-column is-layout-flow wp-block-column-is-layout-flow\">\n<figure class=\"wp-block-image size-full is-resized\"><img loading=\"lazy\" decoding=\"async\" width=\"1000\" height=\"1000\" src=\"https:\/\/flydjdesigns.com\/wp-content\/uploads\/2025\/05\/owi-ban.avif\" alt=\"\" class=\"wp-image-1367\" style=\"width:327px;height:auto\" srcset=\"https:\/\/flydjdesigns.com\/wp-content\/uploads\/2025\/05\/owi-ban.avif 1000w, https:\/\/flydjdesigns.com\/wp-content\/uploads\/2025\/05\/owi-ban-300x300.avif 300w, https:\/\/flydjdesigns.com\/wp-content\/uploads\/2025\/05\/owi-ban-150x150.avif 150w, https:\/\/flydjdesigns.com\/wp-content\/uploads\/2025\/05\/owi-ban-768x768.avif 768w, https:\/\/flydjdesigns.com\/wp-content\/uploads\/2025\/05\/owi-ban-600x600.avif 600w, https:\/\/flydjdesigns.com\/wp-content\/uploads\/2025\/05\/owi-ban-100x100.avif 100w\" sizes=\"auto, (max-width: 1000px) 100vw, 1000px\" \/><\/figure>\n\n\n\n<p class=\"has-text-align-center\"><a href=\"https:\/\/shop.hasbro.com\/es-419\/product\/star-wars-the-vintage-collection-obi-wan-kenobi-wandering-jedi-toy-3-75-inch-scale-star-wars-obi-wan-kenobi-figure\/50058778-4ECA-4CCF-828E-48B00C012929\">Star Wars La colecci\u00f3n Vintage Obi-Wan Kenobi (Wandering Jedi)<\/a><\/p>\n\n\n\n<div class=\"wp-block-buttons is-content-justification-center is-layout-flex wp-container-core-buttons-is-layout-16018d1d wp-block-buttons-is-layout-flex\">\n<div class=\"wp-block-button\"><a class=\"wp-block-button__link wp-element-button\">VISTA RAPIDA<\/a><\/div>\n<\/div>\n<\/div>\n<\/div>\n\n\n\n<div class=\"wp-block-columns is-layout-flex wp-container-core-columns-is-layout-9d6595d7 wp-block-columns-is-layout-flex\">\n<div class=\"wp-block-column is-vertically-aligned-center is-layout-flow wp-block-column-is-layout-flow\">\n<figure class=\"wp-block-image size-full\"><img loading=\"lazy\" decoding=\"async\" width=\"1000\" height=\"1000\" src=\"https:\/\/flydjdesigns.com\/wp-content\/uploads\/2025\/05\/sable-de-luz-1.avif\" alt=\"\" class=\"wp-image-1372\" srcset=\"https:\/\/flydjdesigns.com\/wp-content\/uploads\/2025\/05\/sable-de-luz-1.avif 1000w, https:\/\/flydjdesigns.com\/wp-content\/uploads\/2025\/05\/sable-de-luz-1-300x300.avif 300w, https:\/\/flydjdesigns.com\/wp-content\/uploads\/2025\/05\/sable-de-luz-1-150x150.avif 150w, https:\/\/flydjdesigns.com\/wp-content\/uploads\/2025\/05\/sable-de-luz-1-768x768.avif 768w, https:\/\/flydjdesigns.com\/wp-content\/uploads\/2025\/05\/sable-de-luz-1-600x600.avif 600w, https:\/\/flydjdesigns.com\/wp-content\/uploads\/2025\/05\/sable-de-luz-1-100x100.avif 100w\" sizes=\"auto, (max-width: 1000px) 100vw, 1000px\" \/><\/figure>\n\n\n\n<p class=\"has-text-align-center\"><a href=\"https:\/\/shop.hasbro.com\/es-419\/product\/star-wars-lightsaber-forge-anakin-skywalker-extendable-blue-lightsaber-customizable-roleplay-toy-for-kids-ages-4-and-up\/DA353813-E9C0-4F9E-B610-CDCAEF5514A2\">Star Wars Lightsaber Forge &#8211; Sable de luz azul extensible de Anakin Skywalker<\/a><\/p>\n\n\n\n<div class=\"wp-block-buttons is-content-justification-center is-layout-flex wp-container-core-buttons-is-layout-16018d1d wp-block-buttons-is-layout-flex\">\n<div class=\"wp-block-button\"><a class=\"wp-block-button__link has-text-align-center wp-element-button\">VISTA RAPIDA<\/a><\/div>\n<\/div>\n<\/div>\n\n\n\n<div class=\"wp-block-column is-vertically-aligned-center is-layout-flow wp-block-column-is-layout-flow\">\n<div class=\"wp-block-group is-nowrap is-layout-flex wp-container-core-group-is-layout-ad2f72ca wp-block-group-is-layout-flex\">\n<figure class=\"wp-block-image size-full\"><img loading=\"lazy\" decoding=\"async\" width=\"1000\" height=\"1000\" src=\"https:\/\/flydjdesigns.com\/wp-content\/uploads\/2025\/05\/LO-LA59.avif\" alt=\"\" class=\"wp-image-1373\" srcset=\"https:\/\/flydjdesigns.com\/wp-content\/uploads\/2025\/05\/LO-LA59.avif 1000w, https:\/\/flydjdesigns.com\/wp-content\/uploads\/2025\/05\/LO-LA59-300x300.avif 300w, https:\/\/flydjdesigns.com\/wp-content\/uploads\/2025\/05\/LO-LA59-150x150.avif 150w, https:\/\/flydjdesigns.com\/wp-content\/uploads\/2025\/05\/LO-LA59-768x768.avif 768w, https:\/\/flydjdesigns.com\/wp-content\/uploads\/2025\/05\/LO-LA59-600x600.avif 600w, https:\/\/flydjdesigns.com\/wp-content\/uploads\/2025\/05\/LO-LA59-100x100.avif 100w\" sizes=\"auto, (max-width: 1000px) 100vw, 1000px\" \/><\/figure>\n<\/div>\n\n\n\n<p class=\"has-text-align-center\"><a href=\"https:\/\/shop.hasbro.com\/es-419\/product\/star-wars-l-0-la-59-lola-interactive-electronic-figure-obi-wan-kenobi-series-inspired-droid-toy-for-kids-ages-4-and-up\/FE6C41E9-83A2-401B-A6B0-FCB1C2FCDE49\">Star Wars L0-LA59 (Lola) &#8211; Figura electr\u00f3nica interactiva<\/a><\/p>\n\n\n\n<div class=\"wp-block-buttons is-content-justification-center is-layout-flex wp-container-core-buttons-is-layout-16018d1d wp-block-buttons-is-layout-flex\">\n<div class=\"wp-block-button\"><a class=\"wp-block-button__link wp-element-button\">VISTA RAPIDA<\/a><\/div>\n<\/div>\n<\/div>\n\n\n\n<div class=\"wp-block-column is-vertically-aligned-center is-layout-flow wp-block-column-is-layout-flow\">\n<figure class=\"wp-block-image size-full\"><img loading=\"lazy\" decoding=\"async\" width=\"1000\" height=\"1000\" src=\"https:\/\/flydjdesigns.com\/wp-content\/uploads\/2025\/05\/princesa-Leia.avif\" alt=\"\" class=\"wp-image-1376\" srcset=\"https:\/\/flydjdesigns.com\/wp-content\/uploads\/2025\/05\/princesa-Leia.avif 1000w, https:\/\/flydjdesigns.com\/wp-content\/uploads\/2025\/05\/princesa-Leia-300x300.avif 300w, https:\/\/flydjdesigns.com\/wp-content\/uploads\/2025\/05\/princesa-Leia-150x150.avif 150w, https:\/\/flydjdesigns.com\/wp-content\/uploads\/2025\/05\/princesa-Leia-768x768.avif 768w, https:\/\/flydjdesigns.com\/wp-content\/uploads\/2025\/05\/princesa-Leia-600x600.avif 600w, https:\/\/flydjdesigns.com\/wp-content\/uploads\/2025\/05\/princesa-Leia-100x100.avif 100w\" sizes=\"auto, (max-width: 1000px) 100vw, 1000px\" \/><\/figure>\n\n\n\n<p class=\"has-text-align-center\"><a href=\"https:\/\/shop.hasbro.com\/es-419\/product\/star-wars-the-black-series-princess-leia-ewok-village-toy-6-inch-scale-star-wars-return-of-the-jedi-figure-ages-4-and-up\/EC413FA1-DCFF-47EE-9F32-90A90963334A\">Star Wars The Black Series Princess Leia (Ewok Village)<\/a><\/p>\n\n\n\n<div class=\"wp-block-buttons is-content-justification-center is-layout-flex wp-container-core-buttons-is-layout-16018d1d wp-block-buttons-is-layout-flex\">\n<div class=\"wp-block-button\"><a class=\"wp-block-button__link wp-element-button\">VISTA RAPIDA<\/a><\/div>\n<\/div>\n<\/div>\n<\/div>\n\n\n\n<div class=\"wp-block-columns is-layout-flex wp-container-core-columns-is-layout-9d6595d7 wp-block-columns-is-layout-flex\">\n<div class=\"wp-block-column is-layout-flow wp-block-column-is-layout-flow\">\n<figure class=\"wp-block-image size-full\"><img loading=\"lazy\" decoding=\"async\" width=\"1000\" height=\"1000\" src=\"https:\/\/flydjdesigns.com\/wp-content\/uploads\/2025\/05\/DARTH-VADER.avif\" alt=\"\" class=\"wp-image-1383\" srcset=\"https:\/\/flydjdesigns.com\/wp-content\/uploads\/2025\/05\/DARTH-VADER.avif 1000w, https:\/\/flydjdesigns.com\/wp-content\/uploads\/2025\/05\/DARTH-VADER-300x300.avif 300w, https:\/\/flydjdesigns.com\/wp-content\/uploads\/2025\/05\/DARTH-VADER-150x150.avif 150w, https:\/\/flydjdesigns.com\/wp-content\/uploads\/2025\/05\/DARTH-VADER-768x768.avif 768w, https:\/\/flydjdesigns.com\/wp-content\/uploads\/2025\/05\/DARTH-VADER-600x600.avif 600w, https:\/\/flydjdesigns.com\/wp-content\/uploads\/2025\/05\/DARTH-VADER-100x100.avif 100w\" sizes=\"auto, (max-width: 1000px) 100vw, 1000px\" \/><\/figure>\n\n\n\n<p class=\"has-text-align-center\"><a href=\"https:\/\/shop.hasbro.com\/es-419\/product\/star-wars-the-black-series-darth-vader-toy-6-inch-scale-star-wars-obi-wan-kenobi-action-figure-toys-kids-ages-4-and-up\/CF3F6934-767B-457F-A2F6-09461BFAFAC5\">Star Wars The Black Series Darth Vader<\/a><\/p>\n\n\n\n<div class=\"wp-block-buttons is-content-justification-center is-layout-flex wp-container-core-buttons-is-layout-16018d1d wp-block-buttons-is-layout-flex\">\n<div class=\"wp-block-button\"><a class=\"wp-block-button__link wp-element-button\">VISTA RAPIDA<\/a><\/div>\n<\/div>\n<\/div>\n\n\n\n<div class=\"wp-block-column is-layout-flow wp-block-column-is-layout-flow\">\n<figure class=\"wp-block-image size-full is-resized\"><img loading=\"lazy\" decoding=\"async\" width=\"239\" height=\"239\" src=\"https:\/\/flydjdesigns.com\/wp-content\/uploads\/2025\/05\/chopper.webp\" alt=\"\" class=\"wp-image-1416\" style=\"width:332px;height:auto\" srcset=\"https:\/\/flydjdesigns.com\/wp-content\/uploads\/2025\/05\/chopper.webp 239w, https:\/\/flydjdesigns.com\/wp-content\/uploads\/2025\/05\/chopper-150x150.webp 150w, https:\/\/flydjdesigns.com\/wp-content\/uploads\/2025\/05\/chopper-100x100.webp 100w\" sizes=\"auto, (max-width: 239px) 100vw, 239px\" \/><\/figure>\n\n\n\n<p class=\"has-text-align-center\"><a href=\"https:\/\/shop.hasbro.com\/es-419\/product\/star-wars-the-black-series-archive-han-solo-toy-6-inch-scale-star-wars-the-force-awakens-collectible-action-figure-toy\/67A684A3-D6B7-4B71-BEAC-8FB87B3E1248\"><\/a><a href=\"https:\/\/shop.hasbro.com\/es-419\/product\/star-wars-the-black-series-archive-han-solo-toy-6-inch-scale-star-wars-the-force-awakens-collectible-action-figure-toy\/67A684A3-D6B7-4B71-BEAC-8FB87B3E1248\"><\/a><a href=\"https:\/\/www.hasbropulse.com\/product\/star-wars-the-vintage-collection-chopper-imperial-disguise\/G09295X21?cgid=star-wars-the-vintage-collection\">STAR WARS The Vintage Collection Chopper (Imperial Disguise)<\/a><\/p>\n\n\n\n<div class=\"wp-block-buttons is-content-justification-center is-layout-flex wp-container-core-buttons-is-layout-16018d1d wp-block-buttons-is-layout-flex\">\n<div class=\"wp-block-button\"><a class=\"wp-block-button__link wp-element-button\">VISTA RAPIDA<\/a><\/div>\n<\/div>\n<\/div>\n\n\n\n<div class=\"wp-block-column is-layout-flow wp-block-column-is-layout-flow\">\n<figure class=\"wp-block-image size-full\"><img loading=\"lazy\" decoding=\"async\" width=\"1000\" height=\"1000\" src=\"https:\/\/flydjdesigns.com\/wp-content\/uploads\/2025\/05\/DARTH-MAUL.avif\" alt=\"\" class=\"wp-image-1386\" srcset=\"https:\/\/flydjdesigns.com\/wp-content\/uploads\/2025\/05\/DARTH-MAUL.avif 1000w, https:\/\/flydjdesigns.com\/wp-content\/uploads\/2025\/05\/DARTH-MAUL-300x300.avif 300w, https:\/\/flydjdesigns.com\/wp-content\/uploads\/2025\/05\/DARTH-MAUL-150x150.avif 150w, https:\/\/flydjdesigns.com\/wp-content\/uploads\/2025\/05\/DARTH-MAUL-768x768.avif 768w, https:\/\/flydjdesigns.com\/wp-content\/uploads\/2025\/05\/DARTH-MAUL-600x600.avif 600w, https:\/\/flydjdesigns.com\/wp-content\/uploads\/2025\/05\/DARTH-MAUL-100x100.avif 100w\" sizes=\"auto, (max-width: 1000px) 100vw, 1000px\" \/><\/figure>\n\n\n\n<p class=\"has-text-align-center\"><a href=\"https:\/\/shop.hasbro.com\/es-419\/product\/star-wars-the-black-series-darth-maul-toy-6-inch-scale-the-clone-wars-collectible-action-figure-toys-for-ages-4-and-up\/8CEE4157-264D-4C52-A9C2-E3E34F394DE1\">Star Wars &#8211; The Black Series &#8211; Darth Maul<\/a><\/p>\n\n\n\n<div class=\"wp-block-buttons is-content-justification-center is-layout-flex wp-container-core-buttons-is-layout-16018d1d wp-block-buttons-is-layout-flex\">\n<div class=\"wp-block-button\"><a class=\"wp-block-button__link wp-element-button\">VISTA RAPIDA<\/a><\/div>\n<\/div>\n<\/div>\n<\/div>\n\n\n\n<div class=\"wp-block-columns is-layout-flex wp-container-core-columns-is-layout-9d6595d7 wp-block-columns-is-layout-flex\">\n<div class=\"wp-block-column is-layout-flow wp-block-column-is-layout-flow\">\n<figure class=\"wp-block-image size-large\"><img loading=\"lazy\" decoding=\"async\" width=\"1024\" height=\"1024\" src=\"https:\/\/flydjdesigns.com\/wp-content\/uploads\/2025\/05\/TEMPLO-JEDI-1024x1024.avif\" alt=\"\" class=\"wp-image-1387\" srcset=\"https:\/\/flydjdesigns.com\/wp-content\/uploads\/2025\/05\/TEMPLO-JEDI-1024x1024.avif 1024w, https:\/\/flydjdesigns.com\/wp-content\/uploads\/2025\/05\/TEMPLO-JEDI-300x300.avif 300w, https:\/\/flydjdesigns.com\/wp-content\/uploads\/2025\/05\/TEMPLO-JEDI-150x150.avif 150w, https:\/\/flydjdesigns.com\/wp-content\/uploads\/2025\/05\/TEMPLO-JEDI-768x768.avif 768w, https:\/\/flydjdesigns.com\/wp-content\/uploads\/2025\/05\/TEMPLO-JEDI-1536x1536.avif 1536w, https:\/\/flydjdesigns.com\/wp-content\/uploads\/2025\/05\/TEMPLO-JEDI-600x600.avif 600w, https:\/\/flydjdesigns.com\/wp-content\/uploads\/2025\/05\/TEMPLO-JEDI-100x100.avif 100w, https:\/\/flydjdesigns.com\/wp-content\/uploads\/2025\/05\/TEMPLO-JEDI.avif 2000w\" sizes=\"auto, (max-width: 1024px) 100vw, 1024px\" \/><\/figure>\n\n\n\n<p class=\"has-text-align-center\"><a href=\"https:\/\/shop.hasbro.com\/es-419\/product\/star-wars-tenoo-jedi-temple-playset-and-action-figures-star-wars-toys-preschool-toys-20-ages-3-plus\/CBFE5381-9068-487F-8775-2DB64729CF93\">Star Wars &#8211; Set de juego Templo Jedi de Tenoo<\/a><\/p>\n\n\n\n<div class=\"wp-block-buttons is-content-justification-center is-layout-flex wp-container-core-buttons-is-layout-16018d1d wp-block-buttons-is-layout-flex\">\n<div class=\"wp-block-button\"><a class=\"wp-block-button__link wp-element-button\">VISTA RAPIDA<\/a><\/div>\n<\/div>\n<\/div>\n\n\n\n<div class=\"wp-block-column is-layout-flow wp-block-column-is-layout-flow\">\n<figure class=\"wp-block-image size-full\"><img loading=\"lazy\" decoding=\"async\" width=\"894\" height=\"920\" src=\"https:\/\/flydjdesigns.com\/wp-content\/uploads\/2025\/05\/vintage.jpg\" alt=\"\" class=\"wp-image-1419\" srcset=\"https:\/\/flydjdesigns.com\/wp-content\/uploads\/2025\/05\/vintage.jpg 894w, https:\/\/flydjdesigns.com\/wp-content\/uploads\/2025\/05\/vintage-292x300.jpg 292w, https:\/\/flydjdesigns.com\/wp-content\/uploads\/2025\/05\/vintage-768x790.jpg 768w, https:\/\/flydjdesigns.com\/wp-content\/uploads\/2025\/05\/vintage-600x617.jpg 600w\" sizes=\"auto, (max-width: 894px) 100vw, 894px\" \/><\/figure>\n\n\n\n<p class=\"has-text-align-center\"><a href=\"https:\/\/shop.hasbro.com\/es-419\/product\/star-wars-the-black-series-dark-trooper-toy-6-inch-scale-star-wars-the-mandalorian-action-figure-kids-ages-4-and-up\/57A5A0C6-DC22-4559-96CD-5AB256562727\"><\/a><a href=\"https:\/\/www.hasbropulse.com\/product\/star-wars-the-vintage-collection-nightsister-merrin\/G09155X21?cgid=star-wars-the-vintage-collection\">STAR WARS The Vintage Collection Nightsister Merrin<\/a><\/p>\n\n\n\n<div class=\"wp-block-buttons is-content-justification-center is-layout-flex wp-container-core-buttons-is-layout-16018d1d wp-block-buttons-is-layout-flex\">\n<div class=\"wp-block-button\"><a class=\"wp-block-button__link wp-element-button\">VISTA RAPIDA<\/a><\/div>\n<\/div>\n<\/div>\n\n\n\n<div class=\"wp-block-column is-layout-flow wp-block-column-is-layout-flow\">\n<figure class=\"wp-block-image size-full\"><img loading=\"lazy\" decoding=\"async\" width=\"1000\" height=\"1000\" src=\"https:\/\/flydjdesigns.com\/wp-content\/uploads\/2025\/05\/MASCARA.avif\" alt=\"\" class=\"wp-image-1389\" srcset=\"https:\/\/flydjdesigns.com\/wp-content\/uploads\/2025\/05\/MASCARA.avif 1000w, https:\/\/flydjdesigns.com\/wp-content\/uploads\/2025\/05\/MASCARA-300x300.avif 300w, https:\/\/flydjdesigns.com\/wp-content\/uploads\/2025\/05\/MASCARA-150x150.avif 150w, https:\/\/flydjdesigns.com\/wp-content\/uploads\/2025\/05\/MASCARA-768x768.avif 768w, https:\/\/flydjdesigns.com\/wp-content\/uploads\/2025\/05\/MASCARA-600x600.avif 600w, https:\/\/flydjdesigns.com\/wp-content\/uploads\/2025\/05\/MASCARA-100x100.avif 100w\" sizes=\"auto, (max-width: 1000px) 100vw, 1000px\" \/><\/figure>\n\n\n\n<p class=\"has-text-align-center\"><a href=\"https:\/\/shop.hasbro.com\/es-419\/product\/star-wars-the-black-series-darth-vader-premium-electronic-helmet-star-wars-obi-wan-kenobi-roleplay-toy-ages-14-and-up\/D3475DD8-95A1-4C99-8C10-2234F3BAF25F\">Star Wars &#8211; The Black Series &#8211; Casco electr\u00f3nico premium de Darth Vader<\/a><\/p>\n\n\n\n<div class=\"wp-block-buttons is-content-justification-center is-layout-flex wp-container-core-buttons-is-layout-16018d1d wp-block-buttons-is-layout-flex\">\n<div class=\"wp-block-button\"><a class=\"wp-block-button__link wp-element-button\">VISTA RAPIDA<\/a><\/div>\n<\/div>\n<\/div>\n<\/div>\n","protected":false},"excerpt":{"rendered":"<p>\u00a1Los coleccionistas pueden imaginar las batallas y misiones m\u00e1s importantes de la saga STAR WARS con las figuras de STAR WARS The Black Series! Con caracter\u00edsticas y decoraci\u00f3n exquisitas, esta serie encarna la calidad y el realismo que los fan\u00e1ticos de STAR WARS adoran.Ocultar filtros Star Wars &#8211; Wild Ridin&#8217; Grogu Star Wars &#8211; Galactic &#8230; <a title=\"Star Wars\" class=\"read-more\" href=\"https:\/\/flydjdesigns.com\/index.php\/star-wars\/\" aria-label=\"Leer m\u00e1s sobre Star Wars\">Leer m\u00e1s<\/a><\/p>\n","protected":false},"author":1,"featured_media":0,"parent":0,"menu_order":0,"comment_status":"closed","ping_status":"closed","template":"","meta":{"footnotes":""},"class_list":["post-1340","page","type-page","status-publish"],"_links":{"self":[{"href":"https:\/\/flydjdesigns.com\/index.php\/wp-json\/wp\/v2\/pages\/1340","targetHints":{"allow":["GET"]}}],"collection":[{"href":"https:\/\/flydjdesigns.com\/index.php\/wp-json\/wp\/v2\/pages"}],"about":[{"href":"https:\/\/flydjdesigns.com\/index.php\/wp-json\/wp\/v2\/types\/page"}],"author":[{"embeddable":true,"href":"https:\/\/flydjdesigns.com\/index.php\/wp-json\/wp\/v2\/users\/1"}],"replies":[{"embeddable":true,"href":"https:\/\/flydjdesigns.com\/index.php\/wp-json\/wp\/v2\/comments?post=1340"}],"version-history":[{"count":18,"href":"https:\/\/flydjdesigns.com\/index.php\/wp-json\/wp\/v2\/pages\/1340\/revisions"}],"predecessor-version":[{"id":1937,"href":"https:\/\/flydjdesigns.com\/index.php\/wp-json\/wp\/v2\/pages\/1340\/revisions\/1937"}],"wp:attachment":[{"href":"https:\/\/flydjdesigns.com\/index.php\/wp-json\/wp\/v2\/media?parent=1340"}],"curies":[{"name":"wp","href":"https:\/\/api.w.org\/{rel}","templated":true}]}}