{"id":1432,"date":"2025-05-02T03:48:24","date_gmt":"2025-05-02T01:48:24","guid":{"rendered":"https:\/\/darkcyan-dotterel-385740.hostingersite.com\/?page_id=1432"},"modified":"2025-05-07T02:52:52","modified_gmt":"2025-05-07T00:52:52","slug":"1432-2","status":"publish","type":"page","link":"https:\/\/flydjdesigns.com\/index.php\/1432-2\/","title":{"rendered":""},"content":{"rendered":"\n<div class=\"wp-block-group alignfull has-background-color has-white-color has-luminous-dusk-gradient-background has-text-color has-background has-link-color wp-elements-b572273e725012665f181e988308f54f\" style=\"padding-top:var(--wp--preset--spacing--30);padding-right:var(--wp--preset--spacing--30);padding-bottom:var(--wp--preset--spacing--30);padding-left:var(--wp--preset--spacing--30)\"><div class=\"wp-block-group__inner-container is-layout-constrained wp-container-core-group-is-layout-97875daf wp-block-group-is-layout-constrained\"><div class=\"wp-block-image\">\n<figure class=\"aligncenter size-full\"><img loading=\"lazy\" decoding=\"async\" width=\"401\" height=\"326\" src=\"https:\/\/flydjdesigns.com\/wp-content\/uploads\/2025\/05\/image-2-2.avif\" alt=\"\" class=\"wp-image-1939\" srcset=\"https:\/\/flydjdesigns.com\/wp-content\/uploads\/2025\/05\/image-2-2.avif 401w, https:\/\/flydjdesigns.com\/wp-content\/uploads\/2025\/05\/image-2-2-300x244.avif 300w\" sizes=\"auto, (max-width: 401px) 100vw, 401px\" \/><\/figure><\/div><\/div><\/div>\n\n\n\n<div class=\"wp-block-cover alignfull is-light\"><img loading=\"lazy\" decoding=\"async\" width=\"1024\" height=\"327\" class=\"wp-block-cover__image-background wp-image-1955 size-large\" alt=\"\" src=\"https:\/\/flydjdesigns.com\/wp-content\/uploads\/2025\/05\/image-3-2-1024x327.avif\" data-object-fit=\"cover\" srcset=\"https:\/\/flydjdesigns.com\/wp-content\/uploads\/2025\/05\/image-3-2-1024x327.avif 1024w, https:\/\/flydjdesigns.com\/wp-content\/uploads\/2025\/05\/image-3-2-300x96.avif 300w, https:\/\/flydjdesigns.com\/wp-content\/uploads\/2025\/05\/image-3-2-768x246.avif 768w, https:\/\/flydjdesigns.com\/wp-content\/uploads\/2025\/05\/image-3-2-1536x491.avif 1536w, https:\/\/flydjdesigns.com\/wp-content\/uploads\/2025\/05\/image-3-2-600x192.avif 600w, https:\/\/flydjdesigns.com\/wp-content\/uploads\/2025\/05\/image-3-2.avif 1920w\" sizes=\"auto, (max-width: 1024px) 100vw, 1024px\" \/><span aria-hidden=\"true\" class=\"wp-block-cover__background has-background-dim\" style=\"background-color:#b294b1\"><\/span><div class=\"wp-block-cover__inner-container is-layout-constrained wp-block-cover-is-layout-constrained\">\n<p class=\"has-text-align-center has-large-font-size\"><\/p>\n<\/div><\/div>\n\n\n\n<p class=\"has-text-align-center has-accent-color has-text-color has-link-color has-x-large-font-size wp-elements-b4ce78071bfab049eedd0651d7460198\" style=\"font-style:normal;font-weight:600\">Descubre el Mundo M\u00e1gico de My Little Pony<\/p>\n\n\n\n<figure class=\"wp-block-gallery has-nested-images columns-3 is-cropped wp-block-gallery-1 is-layout-flex wp-block-gallery-is-layout-flex\">\n<figure class=\"wp-block-image size-full\"><img loading=\"lazy\" decoding=\"async\" width=\"1000\" height=\"1000\" data-id=\"1608\" src=\"https:\/\/flydjdesigns.com\/wp-content\/uploads\/2025\/05\/51cafc9a170dd851231fd25aa7433b4f33c51758.jpg\" alt=\"\" class=\"wp-image-1608\" srcset=\"https:\/\/flydjdesigns.com\/wp-content\/uploads\/2025\/05\/51cafc9a170dd851231fd25aa7433b4f33c51758.jpg 1000w, https:\/\/flydjdesigns.com\/wp-content\/uploads\/2025\/05\/51cafc9a170dd851231fd25aa7433b4f33c51758-300x300.jpg 300w, https:\/\/flydjdesigns.com\/wp-content\/uploads\/2025\/05\/51cafc9a170dd851231fd25aa7433b4f33c51758-150x150.jpg 150w, https:\/\/flydjdesigns.com\/wp-content\/uploads\/2025\/05\/51cafc9a170dd851231fd25aa7433b4f33c51758-768x768.jpg 768w, https:\/\/flydjdesigns.com\/wp-content\/uploads\/2025\/05\/51cafc9a170dd851231fd25aa7433b4f33c51758-600x600.jpg 600w, https:\/\/flydjdesigns.com\/wp-content\/uploads\/2025\/05\/51cafc9a170dd851231fd25aa7433b4f33c51758-100x100.jpg 100w\" sizes=\"auto, (max-width: 1000px) 100vw, 1000px\" \/><\/figure>\n\n\n\n<figure class=\"wp-block-image size-large\"><img loading=\"lazy\" decoding=\"async\" width=\"1000\" height=\"1000\" data-id=\"1616\" src=\"https:\/\/flydjdesigns.com\/wp-content\/uploads\/2025\/05\/893616a45b618b50c7ed8b1869aa540ef19d03a7.jpg\" alt=\"\" class=\"wp-image-1616\" srcset=\"https:\/\/flydjdesigns.com\/wp-content\/uploads\/2025\/05\/893616a45b618b50c7ed8b1869aa540ef19d03a7.jpg 1000w, https:\/\/flydjdesigns.com\/wp-content\/uploads\/2025\/05\/893616a45b618b50c7ed8b1869aa540ef19d03a7-300x300.jpg 300w, https:\/\/flydjdesigns.com\/wp-content\/uploads\/2025\/05\/893616a45b618b50c7ed8b1869aa540ef19d03a7-150x150.jpg 150w, https:\/\/flydjdesigns.com\/wp-content\/uploads\/2025\/05\/893616a45b618b50c7ed8b1869aa540ef19d03a7-768x768.jpg 768w, https:\/\/flydjdesigns.com\/wp-content\/uploads\/2025\/05\/893616a45b618b50c7ed8b1869aa540ef19d03a7-600x600.jpg 600w, https:\/\/flydjdesigns.com\/wp-content\/uploads\/2025\/05\/893616a45b618b50c7ed8b1869aa540ef19d03a7-100x100.jpg 100w\" sizes=\"auto, (max-width: 1000px) 100vw, 1000px\" \/><\/figure>\n\n\n\n<figure class=\"wp-block-image size-large\"><img loading=\"lazy\" decoding=\"async\" width=\"1000\" height=\"1000\" data-id=\"1657\" src=\"https:\/\/flydjdesigns.com\/wp-content\/uploads\/2025\/05\/bf58c131f8ca9063db68cba27de439b13d0a585b.jpg\" alt=\"\" class=\"wp-image-1657\" srcset=\"https:\/\/flydjdesigns.com\/wp-content\/uploads\/2025\/05\/bf58c131f8ca9063db68cba27de439b13d0a585b.jpg 1000w, https:\/\/flydjdesigns.com\/wp-content\/uploads\/2025\/05\/bf58c131f8ca9063db68cba27de439b13d0a585b-300x300.jpg 300w, https:\/\/flydjdesigns.com\/wp-content\/uploads\/2025\/05\/bf58c131f8ca9063db68cba27de439b13d0a585b-150x150.jpg 150w, https:\/\/flydjdesigns.com\/wp-content\/uploads\/2025\/05\/bf58c131f8ca9063db68cba27de439b13d0a585b-768x768.jpg 768w, https:\/\/flydjdesigns.com\/wp-content\/uploads\/2025\/05\/bf58c131f8ca9063db68cba27de439b13d0a585b-600x600.jpg 600w, https:\/\/flydjdesigns.com\/wp-content\/uploads\/2025\/05\/bf58c131f8ca9063db68cba27de439b13d0a585b-100x100.jpg 100w\" sizes=\"auto, (max-width: 1000px) 100vw, 1000px\" \/><\/figure>\n\n\n\n<figure class=\"wp-block-image size-large\"><img loading=\"lazy\" decoding=\"async\" width=\"894\" height=\"894\" data-id=\"1655\" src=\"https:\/\/flydjdesigns.com\/wp-content\/uploads\/2025\/05\/81CSCvCkLlL._AC_UF8941000_QL80_.jpg\" alt=\"\" class=\"wp-image-1655\" srcset=\"https:\/\/flydjdesigns.com\/wp-content\/uploads\/2025\/05\/81CSCvCkLlL._AC_UF8941000_QL80_.jpg 894w, https:\/\/flydjdesigns.com\/wp-content\/uploads\/2025\/05\/81CSCvCkLlL._AC_UF8941000_QL80_-300x300.jpg 300w, https:\/\/flydjdesigns.com\/wp-content\/uploads\/2025\/05\/81CSCvCkLlL._AC_UF8941000_QL80_-150x150.jpg 150w, https:\/\/flydjdesigns.com\/wp-content\/uploads\/2025\/05\/81CSCvCkLlL._AC_UF8941000_QL80_-768x768.jpg 768w, https:\/\/flydjdesigns.com\/wp-content\/uploads\/2025\/05\/81CSCvCkLlL._AC_UF8941000_QL80_-600x600.jpg 600w, https:\/\/flydjdesigns.com\/wp-content\/uploads\/2025\/05\/81CSCvCkLlL._AC_UF8941000_QL80_-100x100.jpg 100w\" sizes=\"auto, (max-width: 894px) 100vw, 894px\" \/><\/figure>\n\n\n\n<figure class=\"wp-block-image size-large\"><img loading=\"lazy\" decoding=\"async\" width=\"872\" height=\"872\" data-id=\"1647\" src=\"https:\/\/flydjdesigns.com\/wp-content\/uploads\/2025\/05\/muneca-my-little-pony-estilo-arcoiris-85788-default-4.jpg\" alt=\"\" class=\"wp-image-1647\" srcset=\"https:\/\/flydjdesigns.com\/wp-content\/uploads\/2025\/05\/muneca-my-little-pony-estilo-arcoiris-85788-default-4.jpg 872w, https:\/\/flydjdesigns.com\/wp-content\/uploads\/2025\/05\/muneca-my-little-pony-estilo-arcoiris-85788-default-4-300x300.jpg 300w, https:\/\/flydjdesigns.com\/wp-content\/uploads\/2025\/05\/muneca-my-little-pony-estilo-arcoiris-85788-default-4-150x150.jpg 150w, https:\/\/flydjdesigns.com\/wp-content\/uploads\/2025\/05\/muneca-my-little-pony-estilo-arcoiris-85788-default-4-768x768.jpg 768w, https:\/\/flydjdesigns.com\/wp-content\/uploads\/2025\/05\/muneca-my-little-pony-estilo-arcoiris-85788-default-4-600x600.jpg 600w, https:\/\/flydjdesigns.com\/wp-content\/uploads\/2025\/05\/muneca-my-little-pony-estilo-arcoiris-85788-default-4-100x100.jpg 100w\" sizes=\"auto, (max-width: 872px) 100vw, 872px\" \/><\/figure>\n\n\n\n<figure class=\"wp-block-image size-large\"><img loading=\"lazy\" decoding=\"async\" width=\"872\" height=\"872\" data-id=\"1648\" src=\"https:\/\/flydjdesigns.com\/wp-content\/uploads\/2025\/05\/muneca-my-little-pony-estilo-arcoiris-85788-default-3.jpg\" alt=\"\" class=\"wp-image-1648\" srcset=\"https:\/\/flydjdesigns.com\/wp-content\/uploads\/2025\/05\/muneca-my-little-pony-estilo-arcoiris-85788-default-3.jpg 872w, https:\/\/flydjdesigns.com\/wp-content\/uploads\/2025\/05\/muneca-my-little-pony-estilo-arcoiris-85788-default-3-300x300.jpg 300w, https:\/\/flydjdesigns.com\/wp-content\/uploads\/2025\/05\/muneca-my-little-pony-estilo-arcoiris-85788-default-3-150x150.jpg 150w, https:\/\/flydjdesigns.com\/wp-content\/uploads\/2025\/05\/muneca-my-little-pony-estilo-arcoiris-85788-default-3-768x768.jpg 768w, https:\/\/flydjdesigns.com\/wp-content\/uploads\/2025\/05\/muneca-my-little-pony-estilo-arcoiris-85788-default-3-600x600.jpg 600w, https:\/\/flydjdesigns.com\/wp-content\/uploads\/2025\/05\/muneca-my-little-pony-estilo-arcoiris-85788-default-3-100x100.jpg 100w\" sizes=\"auto, (max-width: 872px) 100vw, 872px\" \/><\/figure>\n\n\n\n<figure class=\"wp-block-image size-large\"><img loading=\"lazy\" decoding=\"async\" width=\"822\" height=\"887\" data-id=\"1464\" src=\"https:\/\/flydjdesigns.com\/wp-content\/uploads\/2025\/05\/image-6.avif\" alt=\"\" class=\"wp-image-1464\" srcset=\"https:\/\/flydjdesigns.com\/wp-content\/uploads\/2025\/05\/image-6.avif 822w, https:\/\/flydjdesigns.com\/wp-content\/uploads\/2025\/05\/image-6-278x300.avif 278w, https:\/\/flydjdesigns.com\/wp-content\/uploads\/2025\/05\/image-6-768x829.avif 768w, https:\/\/flydjdesigns.com\/wp-content\/uploads\/2025\/05\/image-6-600x647.avif 600w\" sizes=\"auto, (max-width: 822px) 100vw, 822px\" \/><\/figure>\n<\/figure>\n\n\n\n<p class=\"has-text-align-center has-accent-color has-text-color has-link-color has-large-font-size wp-elements-776fc94a1fc6d4c837f778733f6c4769\" style=\"font-style:normal;font-weight:500\">\u00a1Los ni\u00f1os pueden personalizar peinados, atuendos y accesorios del festival de m\u00fasica con Style of the Day Ponies!<\/p>\n\n\n\n<div class=\"wp-block-columns is-layout-flex wp-container-core-columns-is-layout-9d6595d7 wp-block-columns-is-layout-flex\">\n<div class=\"wp-block-column is-layout-flow wp-block-column-is-layout-flow\">\n<figure class=\"wp-block-image size-full\"><img loading=\"lazy\" decoding=\"async\" width=\"872\" height=\"872\" src=\"https:\/\/flydjdesigns.com\/wp-content\/uploads\/2025\/05\/muneca-my-little-pony-estilo-arcoiris-85788-default-1.jpg\" alt=\"\" class=\"wp-image-1611\" srcset=\"https:\/\/flydjdesigns.com\/wp-content\/uploads\/2025\/05\/muneca-my-little-pony-estilo-arcoiris-85788-default-1.jpg 872w, https:\/\/flydjdesigns.com\/wp-content\/uploads\/2025\/05\/muneca-my-little-pony-estilo-arcoiris-85788-default-1-300x300.jpg 300w, https:\/\/flydjdesigns.com\/wp-content\/uploads\/2025\/05\/muneca-my-little-pony-estilo-arcoiris-85788-default-1-150x150.jpg 150w, https:\/\/flydjdesigns.com\/wp-content\/uploads\/2025\/05\/muneca-my-little-pony-estilo-arcoiris-85788-default-1-768x768.jpg 768w, https:\/\/flydjdesigns.com\/wp-content\/uploads\/2025\/05\/muneca-my-little-pony-estilo-arcoiris-85788-default-1-600x600.jpg 600w, https:\/\/flydjdesigns.com\/wp-content\/uploads\/2025\/05\/muneca-my-little-pony-estilo-arcoiris-85788-default-1-100x100.jpg 100w\" sizes=\"auto, (max-width: 872px) 100vw, 872px\" \/><\/figure>\n\n\n\n<p class=\"has-text-align-center\">My Little Pony &#8211; Izzy Moonbow Estilos Arco\u00edris<\/p>\n\n\n\n<div class=\"wp-block-buttons is-content-justification-center is-layout-flex wp-container-core-buttons-is-layout-16018d1d wp-block-buttons-is-layout-flex\">\n<div class=\"wp-block-button\"><a class=\"wp-block-button__link has-text-align-center wp-element-button\" style=\"border-radius:100px\">VISTA R\u00c1PIDA<\/a><\/div>\n<\/div>\n<\/div>\n\n\n\n<div class=\"wp-block-column is-layout-flow wp-block-column-is-layout-flow\">\n<figure class=\"wp-block-image size-full\"><img loading=\"lazy\" decoding=\"async\" width=\"1000\" height=\"1000\" src=\"https:\/\/flydjdesigns.com\/wp-content\/uploads\/2025\/05\/image-3-1.avif\" alt=\"\" class=\"wp-image-1607\" srcset=\"https:\/\/flydjdesigns.com\/wp-content\/uploads\/2025\/05\/image-3-1.avif 1000w, https:\/\/flydjdesigns.com\/wp-content\/uploads\/2025\/05\/image-3-1-300x300.avif 300w, https:\/\/flydjdesigns.com\/wp-content\/uploads\/2025\/05\/image-3-1-150x150.avif 150w, https:\/\/flydjdesigns.com\/wp-content\/uploads\/2025\/05\/image-3-1-768x768.avif 768w, https:\/\/flydjdesigns.com\/wp-content\/uploads\/2025\/05\/image-3-1-600x600.avif 600w, https:\/\/flydjdesigns.com\/wp-content\/uploads\/2025\/05\/image-3-1-100x100.avif 100w\" sizes=\"auto, (max-width: 1000px) 100vw, 1000px\" \/><\/figure>\n\n\n\n<p class=\"has-text-align-center\">My Little Pony &#8211; Ponis musicales<\/p>\n\n\n\n<div class=\"wp-block-buttons is-content-justification-center is-layout-flex wp-container-core-buttons-is-layout-16018d1d wp-block-buttons-is-layout-flex\">\n<div class=\"wp-block-button\"><a class=\"wp-block-button__link has-text-align-center wp-element-button\" style=\"border-radius:100px\">VISTA R\u00c1PIDA<\/a><\/div>\n<\/div>\n<\/div>\n<\/div>\n\n\n<div class=\"wp-block-image\">\n<figure class=\"aligncenter size-full\"><img loading=\"lazy\" decoding=\"async\" width=\"821\" height=\"857\" src=\"https:\/\/flydjdesigns.com\/wp-content\/uploads\/2025\/05\/image-7.avif\" alt=\"\" class=\"wp-image-1462\" srcset=\"https:\/\/flydjdesigns.com\/wp-content\/uploads\/2025\/05\/image-7.avif 821w, https:\/\/flydjdesigns.com\/wp-content\/uploads\/2025\/05\/image-7-287x300.avif 287w, https:\/\/flydjdesigns.com\/wp-content\/uploads\/2025\/05\/image-7-768x802.avif 768w, https:\/\/flydjdesigns.com\/wp-content\/uploads\/2025\/05\/image-7-600x626.avif 600w\" sizes=\"auto, (max-width: 821px) 100vw, 821px\" \/><\/figure><\/div>\n\n\n<p class=\"has-text-align-center has-accent-color has-text-color has-link-color has-large-font-size wp-elements-53877ce8cce01ce623723d2c61ed80a9\" style=\"font-style:normal;font-weight:500\">\u00a1El Cami\u00f3n de batidos 2 en 1 de Sunny Starscout y sus amigos permitir\u00e1 a tus hijos servir un poco de magia!<\/p>\n\n\n\n<div class=\"wp-block-columns is-layout-flex wp-container-core-columns-is-layout-9d6595d7 wp-block-columns-is-layout-flex\">\n<div class=\"wp-block-column is-layout-flow wp-block-column-is-layout-flow\">\n<figure class=\"wp-block-image size-full\"><img loading=\"lazy\" decoding=\"async\" width=\"872\" height=\"872\" src=\"https:\/\/flydjdesigns.com\/wp-content\/uploads\/2025\/05\/mlp-cutie-mark-magica-izzy-f3869f5252-64303002-default-1.jpg\" alt=\"\" class=\"wp-image-1666\" srcset=\"https:\/\/flydjdesigns.com\/wp-content\/uploads\/2025\/05\/mlp-cutie-mark-magica-izzy-f3869f5252-64303002-default-1.jpg 872w, https:\/\/flydjdesigns.com\/wp-content\/uploads\/2025\/05\/mlp-cutie-mark-magica-izzy-f3869f5252-64303002-default-1-300x300.jpg 300w, https:\/\/flydjdesigns.com\/wp-content\/uploads\/2025\/05\/mlp-cutie-mark-magica-izzy-f3869f5252-64303002-default-1-150x150.jpg 150w, https:\/\/flydjdesigns.com\/wp-content\/uploads\/2025\/05\/mlp-cutie-mark-magica-izzy-f3869f5252-64303002-default-1-768x768.jpg 768w, https:\/\/flydjdesigns.com\/wp-content\/uploads\/2025\/05\/mlp-cutie-mark-magica-izzy-f3869f5252-64303002-default-1-600x600.jpg 600w, https:\/\/flydjdesigns.com\/wp-content\/uploads\/2025\/05\/mlp-cutie-mark-magica-izzy-f3869f5252-64303002-default-1-100x100.jpg 100w\" sizes=\"auto, (max-width: 872px) 100vw, 872px\" \/><\/figure>\n\n\n\n<p class=\"has-text-align-center\">My Little Pony &#8211; Cutie Mark Magic &#8211; Izzy Moonbow<\/p>\n\n\n\n<div class=\"wp-block-buttons is-content-justification-center is-layout-flex wp-container-core-buttons-is-layout-16018d1d wp-block-buttons-is-layout-flex\">\n<div class=\"wp-block-button\"><a class=\"wp-block-button__link wp-element-button\" style=\"border-radius:100px\">VISTA R\u00c1PIDA<\/a><\/div>\n<\/div>\n<\/div>\n\n\n\n<div class=\"wp-block-column is-layout-flow wp-block-column-is-layout-flow\">\n<figure class=\"wp-block-image size-full\"><img loading=\"lazy\" decoding=\"async\" width=\"1000\" height=\"1000\" src=\"https:\/\/flydjdesigns.com\/wp-content\/uploads\/2025\/05\/e50ec2c21f32fea671721951a132c8ac00bb9370.avif\" alt=\"\" class=\"wp-image-1668\" srcset=\"https:\/\/flydjdesigns.com\/wp-content\/uploads\/2025\/05\/e50ec2c21f32fea671721951a132c8ac00bb9370.avif 1000w, https:\/\/flydjdesigns.com\/wp-content\/uploads\/2025\/05\/e50ec2c21f32fea671721951a132c8ac00bb9370-300x300.avif 300w, https:\/\/flydjdesigns.com\/wp-content\/uploads\/2025\/05\/e50ec2c21f32fea671721951a132c8ac00bb9370-150x150.avif 150w, https:\/\/flydjdesigns.com\/wp-content\/uploads\/2025\/05\/e50ec2c21f32fea671721951a132c8ac00bb9370-768x768.avif 768w, https:\/\/flydjdesigns.com\/wp-content\/uploads\/2025\/05\/e50ec2c21f32fea671721951a132c8ac00bb9370-600x600.avif 600w, https:\/\/flydjdesigns.com\/wp-content\/uploads\/2025\/05\/e50ec2c21f32fea671721951a132c8ac00bb9370-100x100.avif 100w\" sizes=\"auto, (max-width: 1000px) 100vw, 1000px\" \/><\/figure>\n\n\n\n<p class=\"has-text-align-center\">My Little Pony Cutie Mark Magic &#8211; Princesa Pipp Petals<\/p>\n\n\n\n<div class=\"wp-block-buttons is-content-justification-center is-layout-flex wp-container-core-buttons-is-layout-16018d1d wp-block-buttons-is-layout-flex\">\n<div class=\"wp-block-button\"><a class=\"wp-block-button__link wp-element-button\" style=\"border-radius:100px\">VISTA R\u00c1PIDA<\/a><\/div>\n<\/div>\n<\/div>\n<\/div>\n\n\n<div class=\"wp-block-image\">\n<figure class=\"aligncenter size-full\"><img loading=\"lazy\" decoding=\"async\" width=\"822\" height=\"866\" src=\"https:\/\/flydjdesigns.com\/wp-content\/uploads\/2025\/05\/image-8.avif\" alt=\"\" class=\"wp-image-1466\" srcset=\"https:\/\/flydjdesigns.com\/wp-content\/uploads\/2025\/05\/image-8.avif 822w, https:\/\/flydjdesigns.com\/wp-content\/uploads\/2025\/05\/image-8-285x300.avif 285w, https:\/\/flydjdesigns.com\/wp-content\/uploads\/2025\/05\/image-8-768x809.avif 768w, https:\/\/flydjdesigns.com\/wp-content\/uploads\/2025\/05\/image-8-600x632.avif 600w\" sizes=\"auto, (max-width: 822px) 100vw, 822px\" \/><\/figure><\/div>\n\n\n<p class=\"has-accent-color has-text-color has-link-color has-large-font-size wp-elements-294b796a433584d5be9633ced1d906b7\" style=\"font-style:normal;font-weight:500\">\u00a1Los ni\u00f1os pueden construir, personalizar y conectar con los sets de juego y la caravana My Little Pony Mini World Magic!<br><\/p>\n\n\n\n<p class=\"has-text-align-center has-x-large-font-size\"><strong>Comprar por edades<\/strong><\/p>\n\n\n\n<div class=\"wp-block-buttons is-content-justification-center is-layout-flex wp-container-core-buttons-is-layout-16018d1d wp-block-buttons-is-layout-flex\">\n<div class=\"wp-block-button\"><a class=\"wp-block-button__link wp-element-button\" style=\"border-radius:30px\">3 &#8211; 5 a\u00f1os<\/a><\/div>\n\n\n\n<div class=\"wp-block-button\"><a class=\"wp-block-button__link wp-element-button\" style=\"border-radius:30px\">4 &#8211; 5 a\u00f1os<\/a><\/div>\n<\/div>\n\n\n\n<p><a href=\"https:\/\/shop.hasbro.com\/es-419\/all-products?brand=my-little-pony&amp;age=preschool-3-5\"><\/a><a href=\"https:\/\/shop.hasbro.com\/es-419\/all-products?brand=my-little-pony&amp;age=preschool-3-5\"><\/a><\/p>\n\n\n\n<p><\/p>\n","protected":false},"excerpt":{"rendered":"<p>Descubre el Mundo M\u00e1gico de My Little Pony \u00a1Los ni\u00f1os pueden personalizar peinados, atuendos y accesorios del festival de m\u00fasica con Style of the Day Ponies! My Little Pony &#8211; Izzy Moonbow Estilos Arco\u00edris My Little Pony &#8211; Ponis musicales \u00a1El Cami\u00f3n de batidos 2 en 1 de Sunny Starscout y sus amigos permitir\u00e1 a &#8230; <a title=\"\" class=\"read-more\" href=\"https:\/\/flydjdesigns.com\/index.php\/1432-2\/\" aria-label=\"Leer m\u00e1s sobre \">Leer m\u00e1s<\/a><\/p>\n","protected":false},"author":1,"featured_media":0,"parent":0,"menu_order":0,"comment_status":"closed","ping_status":"closed","template":"","meta":{"footnotes":""},"class_list":["post-1432","page","type-page","status-publish"],"_links":{"self":[{"href":"https:\/\/flydjdesigns.com\/index.php\/wp-json\/wp\/v2\/pages\/1432","targetHints":{"allow":["GET"]}}],"collection":[{"href":"https:\/\/flydjdesigns.com\/index.php\/wp-json\/wp\/v2\/pages"}],"about":[{"href":"https:\/\/flydjdesigns.com\/index.php\/wp-json\/wp\/v2\/types\/page"}],"author":[{"embeddable":true,"href":"https:\/\/flydjdesigns.com\/index.php\/wp-json\/wp\/v2\/users\/1"}],"replies":[{"embeddable":true,"href":"https:\/\/flydjdesigns.com\/index.php\/wp-json\/wp\/v2\/comments?post=1432"}],"version-history":[{"count":38,"href":"https:\/\/flydjdesigns.com\/index.php\/wp-json\/wp\/v2\/pages\/1432\/revisions"}],"predecessor-version":[{"id":1959,"href":"https:\/\/flydjdesigns.com\/index.php\/wp-json\/wp\/v2\/pages\/1432\/revisions\/1959"}],"wp:attachment":[{"href":"https:\/\/flydjdesigns.com\/index.php\/wp-json\/wp\/v2\/media?parent=1432"}],"curies":[{"name":"wp","href":"https:\/\/api.w.org\/{rel}","templated":true}]}}