{"id":31,"date":"2025-04-21T01:25:12","date_gmt":"2025-04-20T23:25:12","guid":{"rendered":"https:\/\/flydjdesigns.com\/?page_id=31"},"modified":"2025-05-06T20:47:57","modified_gmt":"2025-05-06T18:47:57","slug":"hasbro","status":"publish","type":"page","link":"https:\/\/flydjdesigns.com\/index.php\/hasbro\/","title":{"rendered":"Atenci\u00f3n al Cliente"},"content":{"rendered":"\n<p class=\"has-text-align-left has-medium-font-size\"><strong>\u00bfTienes alguna duda, inconveniente o sugerencia?<\/strong><br>Estamos aqu\u00ed para ayudarte. Completa el formulario y nuestro equipo de atenci\u00f3n al cliente se pondr\u00e1 en contacto contigo lo antes posible para brindarte una soluci\u00f3n.<\/p>\n\n\n\n<p class=\"has-text-align-left has-medium-font-size\"><\/p>\n\n\n\n<div class=\"wp-block-columns is-layout-flex wp-container-core-columns-is-layout-9d6595d7 wp-block-columns-is-layout-flex\">\n<div class=\"wp-block-column is-layout-flow wp-block-column-is-layout-flow\">\n<div class=\"wpcf7 no-js\" id=\"wpcf7-f153-o1\" lang=\"es-ES\" dir=\"ltr\" data-wpcf7-id=\"153\">\n<div class=\"screen-reader-response\"><p role=\"status\" aria-live=\"polite\" aria-atomic=\"true\"><\/p> <ul><\/ul><\/div>\n<form action=\"\/index.php\/wp-json\/wp\/v2\/pages\/31#wpcf7-f153-o1\" method=\"post\" class=\"wpcf7-form init\" aria-label=\"Formulario de contacto\" novalidate=\"novalidate\" data-status=\"init\">\n<div style=\"display: none;\">\n<input type=\"hidden\" name=\"_wpcf7\" value=\"153\" \/>\n<input type=\"hidden\" name=\"_wpcf7_version\" value=\"6.0.6\" \/>\n<input type=\"hidden\" name=\"_wpcf7_locale\" value=\"es_ES\" \/>\n<input type=\"hidden\" name=\"_wpcf7_unit_tag\" value=\"wpcf7-f153-o1\" \/>\n<input type=\"hidden\" name=\"_wpcf7_container_post\" value=\"0\" \/>\n<input type=\"hidden\" name=\"_wpcf7_posted_data_hash\" value=\"\" \/>\n<\/div>\n<p><label> Tu nombre<br \/>\n<span class=\"wpcf7-form-control-wrap\" data-name=\"your-name\"><input size=\"40\" maxlength=\"400\" class=\"wpcf7-form-control wpcf7-text wpcf7-validates-as-required\" autocomplete=\"name\" aria-required=\"true\" aria-invalid=\"false\" value=\"\" type=\"text\" name=\"your-name\" \/><\/span> <\/label>\n<\/p>\n<p><label> Tu correo electr\u00f3nico<br \/>\n<span class=\"wpcf7-form-control-wrap\" data-name=\"your-email\"><input size=\"40\" maxlength=\"400\" class=\"wpcf7-form-control wpcf7-email wpcf7-validates-as-required wpcf7-text wpcf7-validates-as-email\" autocomplete=\"email\" aria-required=\"true\" aria-invalid=\"false\" value=\"\" type=\"email\" name=\"your-email\" \/><\/span> <\/label>\n<\/p>\n<p><label> Selecciona el tipo de problema<br \/>\n<span class=\"wpcf7-form-control-wrap\" data-name=\"select-445\"><select class=\"wpcf7-form-control wpcf7-select wpcf7-validates-as-required\" aria-required=\"true\" aria-invalid=\"false\" name=\"select-445\"><option value=\"Pedidos y env\u00edos\">Pedidos y env\u00edos<\/option><option value=\"Pagos y facturaci\u00f3n\">Pagos y facturaci\u00f3n<\/option><option value=\"Devoluciones y reembolsos\">Devoluciones y reembolsos<\/option><option value=\"Cuenta y registro\">Cuenta y registro<\/option><option value=\"Soporte de productos\">Soporte de productos<\/option><option value=\"Promociones y cupones\">Promociones y cupones<\/option><option value=\"Tiendas y distribuidores\">Tiendas y distribuidores<\/option><\/select><\/span> <\/label>\n<\/p>\n<p><label> Tu mensaje (opcional)<br \/>\n<span class=\"wpcf7-form-control-wrap\" data-name=\"your-message\"><textarea cols=\"40\" rows=\"10\" maxlength=\"2000\" class=\"wpcf7-form-control wpcf7-textarea\" aria-invalid=\"false\" name=\"your-message\"><\/textarea><\/span> <\/label>\n<\/p>\n<p><input class=\"wpcf7-form-control wpcf7-submit has-spinner\" type=\"submit\" value=\"Enviar\" \/>\n<\/p><div class=\"wpcf7-response-output\" aria-hidden=\"true\"><\/div>\n<\/form>\n<\/div>\n\n<\/div>\n\n\n\n<div class=\"wp-block-column is-layout-flow wp-block-column-is-layout-flow\">\n<figure class=\"wp-block-image size-full\"><img loading=\"lazy\" decoding=\"async\" width=\"467\" height=\"758\" src=\"https:\/\/flydjdesigns.com\/wp-content\/uploads\/2025\/04\/pngegg-1-1.png\" alt=\"\" class=\"wp-image-1062\" srcset=\"https:\/\/flydjdesigns.com\/wp-content\/uploads\/2025\/04\/pngegg-1-1.png 467w, https:\/\/flydjdesigns.com\/wp-content\/uploads\/2025\/04\/pngegg-1-1-185x300.png 185w\" sizes=\"auto, (max-width: 467px) 100vw, 467px\" \/><\/figure>\n<\/div>\n<\/div>\n","protected":false},"excerpt":{"rendered":"<p>\u00bfTienes alguna duda, inconveniente o sugerencia?Estamos aqu\u00ed para ayudarte. Completa el formulario y nuestro equipo de atenci\u00f3n al cliente se pondr\u00e1 en contacto contigo lo antes posible para brindarte una soluci\u00f3n.<\/p>\n","protected":false},"author":1,"featured_media":0,"parent":0,"menu_order":0,"comment_status":"closed","ping_status":"closed","template":"","meta":{"footnotes":""},"class_list":["post-31","page","type-page","status-publish"],"_links":{"self":[{"href":"https:\/\/flydjdesigns.com\/index.php\/wp-json\/wp\/v2\/pages\/31","targetHints":{"allow":["GET"]}}],"collection":[{"href":"https:\/\/flydjdesigns.com\/index.php\/wp-json\/wp\/v2\/pages"}],"about":[{"href":"https:\/\/flydjdesigns.com\/index.php\/wp-json\/wp\/v2\/types\/page"}],"author":[{"embeddable":true,"href":"https:\/\/flydjdesigns.com\/index.php\/wp-json\/wp\/v2\/users\/1"}],"replies":[{"embeddable":true,"href":"https:\/\/flydjdesigns.com\/index.php\/wp-json\/wp\/v2\/comments?post=31"}],"version-history":[{"count":15,"href":"https:\/\/flydjdesigns.com\/index.php\/wp-json\/wp\/v2\/pages\/31\/revisions"}],"predecessor-version":[{"id":1850,"href":"https:\/\/flydjdesigns.com\/index.php\/wp-json\/wp\/v2\/pages\/31\/revisions\/1850"}],"wp:attachment":[{"href":"https:\/\/flydjdesigns.com\/index.php\/wp-json\/wp\/v2\/media?parent=31"}],"curies":[{"name":"wp","href":"https:\/\/api.w.org\/{rel}","templated":true}]}}