{"id":1345,"date":"2025-04-30T03:49:43","date_gmt":"2025-04-30T01:49:43","guid":{"rendered":"https:\/\/flydjdesigns.com\/?post_type=product&#038;p=1345"},"modified":"2025-05-05T00:44:10","modified_gmt":"2025-05-04T22:44:10","slug":"star-wars-the-black-series-nightsister-merrin","status":"publish","type":"product","link":"https:\/\/flydjdesigns.com\/index.php\/producto\/star-wars-the-black-series-nightsister-merrin\/","title":{"rendered":"Star Wars The Black Series, Nightsister Merrin"},"content":{"rendered":"<p>La l\u00ednea Star Wars The Black Series incluye figuras, veh\u00edculos y art\u00edculos para juego de rol inspirados en los m\u00e1s de 40 a\u00f1os de legado que nos ha dado la galaxia de Star Wars para que los fans puedan recrear escenas gal\u00e1cticas de los c\u00f3mics, las pel\u00edculas y las series con fidelidad. Esta figura Star Wars de Hasbro est\u00e1 dise\u00f1ada para parecerse al personaje de Nightsister Merrin, de Star Wars Jedi: Survivor. Con caracter\u00edsticas y detalles excelentes, la l\u00ednea The Black Series personifica la calidad y el realismo que los devotos de Star Wars adoran. \u00a1Que la Fuerza te acompa\u00f1e! (Los productos adicionales se venden por separado. Sujeto a disponibilidad).<\/p>\n<p>Los productos Star Wars son fabricados por Hasbro bajo licencia de Lucasfilm Ltd.<\/p>\n<p>HASBRO y todas las marcas y logotipos relacionados son marcas registradas de Hasbro, Inc.<\/p>\n<p>Fabricado por: Hasbro SA, Rue Emile-Bo\u00e9chat 31, 2800 Del\u00e9mont, CH.<br \/>\nRepresentado por: Hasbro, De Entree 240, 1101 EE Amsterdam, Nederland. euproductcompliance@hasbro.com<\/p>\n","protected":false},"excerpt":{"rendered":"<p>La l\u00ednea Star Wars The Black Series incluye figuras, veh\u00edculos y art\u00edculos para juego de rol inspirados en los m\u00e1s de 40 a\u00f1os de legado que nos ha dado la galaxia de Star Wars para que los fans puedan recrear escenas gal\u00e1cticas de los c\u00f3mics, las pel\u00edculas y las series con fidelidad. Esta figura Star &#8230; <a title=\"Star Wars The Black Series, Nightsister Merrin\" class=\"read-more\" href=\"https:\/\/flydjdesigns.com\/index.php\/producto\/star-wars-the-black-series-nightsister-merrin\/\" aria-label=\"Leer m\u00e1s sobre Star Wars The Black Series, Nightsister Merrin\">Leer m\u00e1s<\/a><\/p>\n","protected":false},"featured_media":1346,"comment_status":"open","ping_status":"closed","template":"","meta":[],"product_brand":[43],"product_cat":[40],"product_tag":[41],"class_list":{"0":"post-1345","1":"product","2":"type-product","3":"status-publish","4":"has-post-thumbnail","6":"product_brand-star-wars","7":"product_cat-star-wars","8":"product_tag-a-partir-de-4-anos","10":"first","11":"instock","12":"shipping-taxable","13":"purchasable","14":"product-type-simple"},"_links":{"self":[{"href":"https:\/\/flydjdesigns.com\/index.php\/wp-json\/wp\/v2\/product\/1345","targetHints":{"allow":["GET"]}}],"collection":[{"href":"https:\/\/flydjdesigns.com\/index.php\/wp-json\/wp\/v2\/product"}],"about":[{"href":"https:\/\/flydjdesigns.com\/index.php\/wp-json\/wp\/v2\/types\/product"}],"replies":[{"embeddable":true,"href":"https:\/\/flydjdesigns.com\/index.php\/wp-json\/wp\/v2\/comments?post=1345"}],"wp:featuredmedia":[{"embeddable":true,"href":"https:\/\/flydjdesigns.com\/index.php\/wp-json\/wp\/v2\/media\/1346"}],"wp:attachment":[{"href":"https:\/\/flydjdesigns.com\/index.php\/wp-json\/wp\/v2\/media?parent=1345"}],"wp:term":[{"taxonomy":"product_brand","embeddable":true,"href":"https:\/\/flydjdesigns.com\/index.php\/wp-json\/wp\/v2\/product_brand?post=1345"},{"taxonomy":"product_cat","embeddable":true,"href":"https:\/\/flydjdesigns.com\/index.php\/wp-json\/wp\/v2\/product_cat?post=1345"},{"taxonomy":"product_tag","embeddable":true,"href":"https:\/\/flydjdesigns.com\/index.php\/wp-json\/wp\/v2\/product_tag?post=1345"}],"curies":[{"name":"wp","href":"https:\/\/api.w.org\/{rel}","templated":true}]}}