{"id":1690,"date":"2025-05-06T01:01:00","date_gmt":"2025-05-05T23:01:00","guid":{"rendered":"https:\/\/flydjdesigns.com\/?post_type=product&#038;p=1690"},"modified":"2025-05-06T01:01:00","modified_gmt":"2025-05-05T23:01:00","slug":"camiseta-para-hombre-con-el-simbolo-de-autobot-y-detalles-de-transformers","status":"publish","type":"product","link":"https:\/\/flydjdesigns.com\/index.php\/producto\/camiseta-para-hombre-con-el-simbolo-de-autobot-y-detalles-de-transformers\/","title":{"rendered":"Camiseta para hombre con el s\u00edmbolo de Autobot y detalles de Transformers"},"content":{"rendered":"<ul>\n<li><span>100% algod\u00f3n<\/span><\/li>\n<li><span>Impreso en EE. UU. con tintas seguras a base de agua. F\u00e1cil de cuidar: lavar a m\u00e1quina con agua fr\u00eda del rev\u00e9s con colores similares y secar en secadora a baja temperatura (colgar para obtener mejores resultados).<\/span><\/li>\n<li><span>Todas las ventas son finales. No se admiten devoluciones ni cambios.\u00a0<\/span><\/li>\n<li><span>No disponible para env\u00edo a Canad\u00e1<\/span><\/li>\n<\/ul>\n<p><img loading=\"lazy\" decoding=\"async\" class=\"alignnone size-medium wp-image-1491 aligncenter\" src=\"https:\/\/flydjdesigns.com\/wp-content\/uploads\/2025\/05\/Tabla2-283x300.png\" alt=\"\" width=\"283\" height=\"300\" srcset=\"https:\/\/flydjdesigns.com\/wp-content\/uploads\/2025\/05\/Tabla2-283x300.png 283w, https:\/\/flydjdesigns.com\/wp-content\/uploads\/2025\/05\/Tabla2-967x1024.png 967w, https:\/\/flydjdesigns.com\/wp-content\/uploads\/2025\/05\/Tabla2-768x813.png 768w, https:\/\/flydjdesigns.com\/wp-content\/uploads\/2025\/05\/Tabla2-600x635.png 600w, https:\/\/flydjdesigns.com\/wp-content\/uploads\/2025\/05\/Tabla2.png 1308w\" sizes=\"auto, (max-width: 283px) 100vw, 283px\" \/><\/p>\n","protected":false},"excerpt":{"rendered":"<p>100% algod\u00f3n Impreso en EE. UU. con tintas seguras a base de agua. F\u00e1cil de cuidar: lavar a m\u00e1quina con agua fr\u00eda del rev\u00e9s con colores similares y secar en secadora a baja temperatura (colgar para obtener mejores resultados). Todas las ventas son finales. No se admiten devoluciones ni cambios.\u00a0 No disponible para env\u00edo a &#8230; <a title=\"Camiseta para hombre con el s\u00edmbolo de Autobot y detalles de Transformers\" class=\"read-more\" href=\"https:\/\/flydjdesigns.com\/index.php\/producto\/camiseta-para-hombre-con-el-simbolo-de-autobot-y-detalles-de-transformers\/\" aria-label=\"Leer m\u00e1s sobre Camiseta para hombre con el s\u00edmbolo de Autobot y detalles de Transformers\">Leer m\u00e1s<\/a><\/p>\n","protected":false},"featured_media":1691,"comment_status":"open","ping_status":"closed","template":"","meta":[],"product_brand":[44],"product_cat":[42,36],"product_tag":[],"class_list":{"0":"post-1690","1":"product","2":"type-product","3":"status-publish","4":"has-post-thumbnail","6":"product_brand-transformers","7":"product_cat-mercancia-de-fans","8":"product_cat-transformers","10":"first","11":"instock","12":"shipping-taxable","13":"purchasable","14":"product-type-variable"},"_links":{"self":[{"href":"https:\/\/flydjdesigns.com\/index.php\/wp-json\/wp\/v2\/product\/1690","targetHints":{"allow":["GET"]}}],"collection":[{"href":"https:\/\/flydjdesigns.com\/index.php\/wp-json\/wp\/v2\/product"}],"about":[{"href":"https:\/\/flydjdesigns.com\/index.php\/wp-json\/wp\/v2\/types\/product"}],"replies":[{"embeddable":true,"href":"https:\/\/flydjdesigns.com\/index.php\/wp-json\/wp\/v2\/comments?post=1690"}],"wp:featuredmedia":[{"embeddable":true,"href":"https:\/\/flydjdesigns.com\/index.php\/wp-json\/wp\/v2\/media\/1691"}],"wp:attachment":[{"href":"https:\/\/flydjdesigns.com\/index.php\/wp-json\/wp\/v2\/media?parent=1690"}],"wp:term":[{"taxonomy":"product_brand","embeddable":true,"href":"https:\/\/flydjdesigns.com\/index.php\/wp-json\/wp\/v2\/product_brand?post=1690"},{"taxonomy":"product_cat","embeddable":true,"href":"https:\/\/flydjdesigns.com\/index.php\/wp-json\/wp\/v2\/product_cat?post=1690"},{"taxonomy":"product_tag","embeddable":true,"href":"https:\/\/flydjdesigns.com\/index.php\/wp-json\/wp\/v2\/product_tag?post=1690"}],"curies":[{"name":"wp","href":"https:\/\/api.w.org\/{rel}","templated":true}]}}