{"id":1741,"date":"2025-05-06T02:41:45","date_gmt":"2025-05-06T00:41:45","guid":{"rendered":"https:\/\/flydjdesigns.com\/?post_type=product&#038;p=1741"},"modified":"2025-05-06T02:57:30","modified_gmt":"2025-05-06T00:57:30","slug":"transformers-studio-series-clase-lider-transformers-la-era-de-la-extincion-optimus-prime","status":"publish","type":"product","link":"https:\/\/flydjdesigns.com\/index.php\/producto\/transformers-studio-series-clase-lider-transformers-la-era-de-la-extincion-optimus-prime\/","title":{"rendered":"Transformers Studio Series Clase L\u00edder Transformers: La Era de la Extinci\u00f3n Optimus Prime"},"content":{"rendered":"<p>La fecha de env\u00edo estimada est\u00e1 sujeta a cambios, los art\u00edculos pueden enviarse antes o despu\u00e9s de lo previsto sin previo aviso.<\/p>\n<p>El pago se realizar\u00e1 una vez que el art\u00edculo est\u00e9 listo para enviarse.<\/p>\n<p>Lleva la acci\u00f3n \u00e9pica de las pel\u00edculas de Transformers a tu colecci\u00f3n con la figura de acci\u00f3n Optimus Prime clase L\u00edder de Transformers Studio Series, inspirada en Transformers: La Era de la Extinci\u00f3n. Los juguetes Transformers Studio Series son figuras de acci\u00f3n coleccionables con detalles y accesorios inspirados en la pel\u00edcula. La figura se convierte de robot a cami\u00f3n Western Star 4900EX en 44 pasos y cuenta con cabeza, brazos y piernas articulados para lograr incre\u00edbles poses de acci\u00f3n. Incluye una espada, un escudo y una cabeza intercambiables. \u00a1Busca m\u00e1s figuras coleccionables de Transformers Studio Series para crear tu colecci\u00f3n inspirada en la pel\u00edcula (se venden por separado y est\u00e1n sujetas a disponibilidad)!<\/p>\n<p>\u26a0\ufe0f\u00a0<strong>ADVERTENCIA<\/strong>\u00a0: PELIGRO DE ASFIXIA &#8211; Piezas peque\u00f1as. No apto para ni\u00f1os menores de 3 a\u00f1os.<\/p>\n<p>TRANSFORMERS y HASBRO y todas las marcas comerciales y logotipos relacionados son marcas comerciales de Hasbro, Inc.<\/p>\n<p>Derechos de autor Daimler Truck North America LLC.<\/p>\n<p><strong>Caracter\u00edsticas del producto<\/strong><\/p>\n<ul class=\"css-tu0njr\" role=\"list\">\n<li class=\"css-0\">TRANSFORMERS: LA ERA DE LA EXTINCI\u00d3N OPTIMUS PRIME: Esta figura de acci\u00f3n de Optimus Prime de Transformers Studio Series est\u00e1 articulada para poder posarla y presenta decoraci\u00f3n y detalles inspirados en la pel\u00edcula.<\/li>\n<li class=\"css-0\">TRANSFORMERS TOYS STUDIO SERIES LEADER CLASS: Esta figura de acci\u00f3n coleccionable de 8.5 pulgadas (21.5 cm) est\u00e1 inspirada en escenas ic\u00f3nicas de pel\u00edculas y dise\u00f1ada con especificaciones y detalles que reflejan el universo cinematogr\u00e1fico de Transformers.<\/li>\n<li class=\"css-0\">2 MODOS IC\u00d3NICOS: Este juguete Transformers de Studio Series cuenta con conversi\u00f3n entre el modo robot y el modo cami\u00f3n Western Star 4900EX en 44 pasos<\/li>\n<li class=\"css-0\">ACCESORIOS INCRE\u00cdBLES: La figura de Transformers viene con una espada acoplable, un escudo y una cabeza intercambiable.<\/li>\n<li class=\"css-0\">ARTICULADO PARA JUGAR Y EXHIBIR: Las figuras de Transformers cuentan con cabezas, brazos y piernas articulados para poses de acci\u00f3n.<\/li>\n<li class=\"css-0\">TRANSFORMERS DE REGALO COLECCIONABLES: Este juguete de figura de acci\u00f3n Optimus Prime de Studio Series es un gran regalo de figura coleccionable para cualquier fan de Transformers<\/li>\n<li class=\"css-0\">COLECCIONA FIGURAS DE LA SERIE STUDIO: Esta figura de acci\u00f3n es un regalo coleccionable ideal para cualquier fan de Transformers. Busca m\u00e1s figuras de la Serie Studio de Transformers para crear tu colecci\u00f3n (se venden por separado y est\u00e1n sujetas a disponibilidad).<\/li>\n<\/ul>\n","protected":false},"excerpt":{"rendered":"<div class=\"css-13buc9q\">\n<div class=\"css-0\">\n<p>Lleva la acci\u00f3n \u00e9pica de las pel\u00edculas de Transformers a tu colecci\u00f3n con la figura de acci\u00f3n Optimus Prime clase L\u00edder de Transformers Studio Series, inspirada en Transformers: La Era de la Extinci\u00f3n.<\/p>\n<p class=\"chakra-text css-79wky\">Advertencias\/Precauciones del producto<\/p>\n<\/div>\n<\/div>\n<div class=\"css-0\">\u26a0\ufe0f ADVERTENCIA: PELIGRO DE ASFIXIA &#8211; Piezas peque\u00f1as. No apto para ni\u00f1os menores de 3 a\u00f1os.<\/div>\n<div><\/div>\n<div><strong>L\u00edmite de 5 por cliente<\/strong><\/div>\n<div><\/div>\n","protected":false},"featured_media":1742,"comment_status":"open","ping_status":"closed","template":"","meta":[],"product_brand":[44],"product_cat":[40],"product_tag":[38,37,39],"class_list":{"0":"post-1741","1":"product","2":"type-product","3":"status-publish","4":"has-post-thumbnail","6":"product_brand-transformers","7":"product_cat-star-wars","8":"product_tag-a-partir-de-15-anos","9":"product_tag-coleccionable","10":"product_tag-serie-premiun","12":"first","13":"instock","14":"sold-individually","15":"shipping-taxable","16":"purchasable","17":"product-type-simple"},"_links":{"self":[{"href":"https:\/\/flydjdesigns.com\/index.php\/wp-json\/wp\/v2\/product\/1741","targetHints":{"allow":["GET"]}}],"collection":[{"href":"https:\/\/flydjdesigns.com\/index.php\/wp-json\/wp\/v2\/product"}],"about":[{"href":"https:\/\/flydjdesigns.com\/index.php\/wp-json\/wp\/v2\/types\/product"}],"replies":[{"embeddable":true,"href":"https:\/\/flydjdesigns.com\/index.php\/wp-json\/wp\/v2\/comments?post=1741"}],"wp:featuredmedia":[{"embeddable":true,"href":"https:\/\/flydjdesigns.com\/index.php\/wp-json\/wp\/v2\/media\/1742"}],"wp:attachment":[{"href":"https:\/\/flydjdesigns.com\/index.php\/wp-json\/wp\/v2\/media?parent=1741"}],"wp:term":[{"taxonomy":"product_brand","embeddable":true,"href":"https:\/\/flydjdesigns.com\/index.php\/wp-json\/wp\/v2\/product_brand?post=1741"},{"taxonomy":"product_cat","embeddable":true,"href":"https:\/\/flydjdesigns.com\/index.php\/wp-json\/wp\/v2\/product_cat?post=1741"},{"taxonomy":"product_tag","embeddable":true,"href":"https:\/\/flydjdesigns.com\/index.php\/wp-json\/wp\/v2\/product_tag?post=1741"}],"curies":[{"name":"wp","href":"https:\/\/api.w.org\/{rel}","templated":true}]}}