{"id":1747,"date":"2025-05-06T02:44:25","date_gmt":"2025-05-06T00:44:25","guid":{"rendered":"https:\/\/flydjdesigns.com\/?post_type=product&#038;p=1747"},"modified":"2025-05-06T02:51:17","modified_gmt":"2025-05-06T00:51:17","slug":"transformers-legacy-evolution-leader-class-nova-prime","status":"publish","type":"product","link":"https:\/\/flydjdesigns.com\/index.php\/producto\/transformers-legacy-evolution-leader-class-nova-prime\/","title":{"rendered":"Transformers Legacy Evolution Leader Class Nova Prime"},"content":{"rendered":"<p>Vive los or\u00edgenes de los legendarios Cybertronianos antes de la guerra con la figura de acci\u00f3n de Nova Prime, clase l\u00edder. Nova Prime busca conquistar el universo en nombre de Cybertron. Esta figura de acci\u00f3n de Nova Prime se transforma de robot a cami\u00f3n blindado cybertroniano e incluye remolque y 3 accesorios bl\u00e1ster combinables. \u00a1Este juguete Transformers presenta un dise\u00f1o de empaque exclusivo! Colecciona todas las figuras de acci\u00f3n pre-guerra cybertroniana para ni\u00f1os y ni\u00f1as y construye la escena completa (se venden por separado y est\u00e1n sujetas a disponibilidad). 2 MODOS \u00c9PICOS: La figura de acci\u00f3n de Nova Prime Transformers se transforma de robot a cami\u00f3n blindado cybertroniano en 20 pasos. Incluye remolque.<\/p>\n<p>\u26a0\ufe0f\u00a0\u00a0<strong>ADVERTENCIA<\/strong>\u00a0: PELIGRO DE ASFIXIA &#8211; Piezas peque\u00f1as. No apto para ni\u00f1os menores de 3 a\u00f1os.<\/p>\n<p>TRANSFORMERS y HASBRO y todas las marcas comerciales y logotipos relacionados son marcas comerciales de Hasbro, Inc. \u00a9 2024 Hasbro.<\/p>\n<header id=\"chakra-modal--header-:r0:\" class=\"chakra-modal__header css-1qqt9ni\">\n<p class=\"chakra-text css-1lejymi\"><strong>Caracter\u00edsticas del producto<\/strong><\/p>\n<\/header>\n<div id=\"chakra-modal--body-:r0:\" class=\"chakra-modal__body css-bujuzb\">\n<div class=\"chakra-text css-79wky\">\n<ul class=\"css-tu0njr\" role=\"list\">\n<li class=\"css-0\">JUGUETE NOVA PRIME CLASE L\u00cdDER: Descubre los or\u00edgenes de Nova Prime, una cybertroniana impulsada por controlar el universo, con esta figura de acci\u00f3n coleccionable Transformers Leader Class inspirada en los c\u00f3mics de IDW<\/li>\n<li class=\"css-0\">2 MODOS \u00c9PICOS: La figura de acci\u00f3n de Nova Prime Transformers se transforma de robot a cami\u00f3n blindado cybertroniano en 20 pasos. Incluye remolque.<\/li>\n<li class=\"css-0\">ARMADURA DE BATALLA: equipa esta figura de Nova Prime para la batalla uniendo piezas del remolque del cami\u00f3n a la figura de acci\u00f3n como armadura de batalla<\/li>\n<li class=\"css-0\">ACCESORIOS INCRE\u00cdBLES: Este juguete Transformers para ni\u00f1os y ni\u00f1as de 8 a\u00f1os incluye 3 accesorios blaster combinables. Los accesorios se acoplan a la figura en ambos modos.<\/li>\n<li class=\"css-0\">EMBALAJE EXCLUSIVO: El embalaje incluye una obra de arte exclusiva. Colecciona todos los paquetes de guerra pre-cibertronianos para completar la escena (se venden por separado y est\u00e1n sujetos a disponibilidad).<\/li>\n<\/ul>\n<\/div>\n<\/div>\n","protected":false},"excerpt":{"rendered":"<p>Nova Prime busca conquistar el universo en nombre de Cybertron. Esta figura de acci\u00f3n de Nova Prime se transforma de robot a cami\u00f3n blindado cybertroniano e incluye remolque y 3 accesorios bl\u00e1ster combinables. \u00a1Este juguete Transformers presenta un dise\u00f1o de empaque exclusivo!<\/p>\n","protected":false},"featured_media":1748,"comment_status":"open","ping_status":"closed","template":"","meta":[],"product_brand":[44],"product_cat":[36],"product_tag":[38,37],"class_list":{"0":"post-1747","1":"product","2":"type-product","3":"status-publish","4":"has-post-thumbnail","6":"product_brand-transformers","7":"product_cat-transformers","8":"product_tag-a-partir-de-15-anos","9":"product_tag-coleccionable","11":"first","12":"instock","13":"sold-individually","14":"shipping-taxable","15":"purchasable","16":"product-type-simple"},"_links":{"self":[{"href":"https:\/\/flydjdesigns.com\/index.php\/wp-json\/wp\/v2\/product\/1747","targetHints":{"allow":["GET"]}}],"collection":[{"href":"https:\/\/flydjdesigns.com\/index.php\/wp-json\/wp\/v2\/product"}],"about":[{"href":"https:\/\/flydjdesigns.com\/index.php\/wp-json\/wp\/v2\/types\/product"}],"replies":[{"embeddable":true,"href":"https:\/\/flydjdesigns.com\/index.php\/wp-json\/wp\/v2\/comments?post=1747"}],"wp:featuredmedia":[{"embeddable":true,"href":"https:\/\/flydjdesigns.com\/index.php\/wp-json\/wp\/v2\/media\/1748"}],"wp:attachment":[{"href":"https:\/\/flydjdesigns.com\/index.php\/wp-json\/wp\/v2\/media?parent=1747"}],"wp:term":[{"taxonomy":"product_brand","embeddable":true,"href":"https:\/\/flydjdesigns.com\/index.php\/wp-json\/wp\/v2\/product_brand?post=1747"},{"taxonomy":"product_cat","embeddable":true,"href":"https:\/\/flydjdesigns.com\/index.php\/wp-json\/wp\/v2\/product_cat?post=1747"},{"taxonomy":"product_tag","embeddable":true,"href":"https:\/\/flydjdesigns.com\/index.php\/wp-json\/wp\/v2\/product_tag?post=1747"}],"curies":[{"name":"wp","href":"https:\/\/api.w.org\/{rel}","templated":true}]}}