{"id":1749,"date":"2025-05-06T02:47:58","date_gmt":"2025-05-06T00:47:58","guid":{"rendered":"https:\/\/flydjdesigns.com\/?post_type=product&#038;p=1749"},"modified":"2025-05-08T00:11:16","modified_gmt":"2025-05-07T22:11:16","slug":"transformers-age-of-the-primes-clase-deluxe-transformers-cybertron-excellion","status":"publish","type":"product","link":"https:\/\/flydjdesigns.com\/index.php\/producto\/transformers-age-of-the-primes-clase-deluxe-transformers-cybertron-excellion\/","title":{"rendered":"Transformers Age of the Primes Clase Deluxe Transformers: Cybertron Excellion"},"content":{"rendered":"<p>La fecha de env\u00edo estimada est\u00e1 sujeta a cambios, los art\u00edculos pueden enviarse antes o despu\u00e9s de lo previsto sin previo aviso.<\/p>\n<p>El pago se realizar\u00e1 una vez que el art\u00edculo est\u00e9 listo para enviarse.<\/p>\n<p>Celebra el 20.\u00ba aniversario de la serie animada Transformers: Cybertron con la figura de acci\u00f3n Excellion Deluxe Class de Transformers: Age of the Primes. Esta figura de acci\u00f3n Excellion de 14 cm se transforma de robot a deportivo en 17 pasos. Incluye accesorios acoplables. La figura Excellion est\u00e1 inspirada en el personaje del universo Transformers y cuenta con cabeza, brazos y piernas articulados para crear incre\u00edbles poses de acci\u00f3n. Transformers: Age of the Primes nos lleva al mundo de los Primes, los primeros robots de la mitolog\u00eda Transformers, un pante\u00f3n de trece seres, cada uno con una habilidad y personalidad \u00fanicas. Cada batalla, cada robot y cada poder del universo Transformers se remonta a uno de los Trece. Colecciona y combina diferentes personajes para crear tu alineaci\u00f3n ideal de Age of the Primes.<\/p>\n<p>\u26a0\ufe0f\u00a0\u00a0<strong>ADVERTENCIA<\/strong>\u00a0: PELIGRO DE ASFIXIA &#8211; Piezas peque\u00f1as. No apto para ni\u00f1os menores de 3 a\u00f1os.<\/p>\n<p>TRANSFORMERS y HASBRO y todas las marcas comerciales y logotipos relacionados son marcas comerciales de Hasbro, Inc.<\/p>\n<p>&nbsp;<\/p>\n<header id=\"chakra-modal--header-:r0:\" class=\"chakra-modal__header css-1qqt9ni\">\n<p class=\"chakra-text css-1lejymi\"><strong>Caracter\u00edsticas del producto<\/strong><\/p>\n<\/header>\n<div id=\"chakra-modal--body-:r0:\" class=\"chakra-modal__body css-bujuzb\">\n<div class=\"chakra-text css-79wky\">\n<ul class=\"css-tu0njr\" role=\"list\">\n<li class=\"css-0\">TRANSFORMERS: CYBERTRON 20 ANIVERSARIO: Celebra el aniversario de la serie animada Transformers: Cybertron que debut\u00f3 hace 20 a\u00f1os con esta figura de acci\u00f3n Transformers Deluxe Class<\/li>\n<li class=\"css-0\">FIGURA DE ACCI\u00d3N EXCELLION: Este juguete de figura de acci\u00f3n Excellion de 5,5 pulgadas (14 cm) presenta una decoraci\u00f3n y detalles inspirados en la serie animada Transformers: Cybertron<\/li>\n<li class=\"css-0\">JUGUETE TRANSFORMERS CONVERTIBLE 2 EN 1: La figura de acci\u00f3n de Transformers se convierte de juguete robot a juguete de auto deportivo en 17 pasos<\/li>\n<li class=\"css-0\">ACCESORIOS INCRE\u00cdBLES: Esta figura de Transformers Excellion incluye un bl\u00e1ster y la Llave Cyber \u200b\u200bPlanet. \u00a1Esta figura de acci\u00f3n es un regalo coleccionable ideal para cualquier fan de Transformers!<\/li>\n<li class=\"css-0\">ARTICULADO PARA JUGAR Y EXHIBIR: Las figuras de Transformers cuentan con cabezas, brazos y piernas articulados para poses de acci\u00f3n.<\/li>\n<li class=\"css-0\">EXCELLION: Excellion es descendiente de uno de Los Trece Primes: Amalgamous Prime.<\/li>\n<li class=\"css-0\">LA ERA DE LOS PRIMES: Los Trece Primes son los primeros bots de la mitolog\u00eda de Transformers, un pante\u00f3n de seres con habilidades y personalidades \u00fanicas. Cada batalla, bot y poder del universo Transformers se remonta a ellos.<\/li>\n<\/ul>\n<\/div>\n<\/div>\n","protected":false},"excerpt":{"rendered":"<p>Celebra el 20.\u00ba aniversario de la serie animada Transformers: Cybertron con la figura de acci\u00f3n Excellion Deluxe Class de Transformers: Age of the Primes. Esta figura de acci\u00f3n Excellion de 14 cm se transforma de robot a deportivo en 17 pasos. Incluye accesorios acoplables. La figura Excellion est\u00e1 inspirada en el personaje del universo Transformers y cuenta con cabeza, brazos y piernas articulados para crear incre\u00edbles poses de acci\u00f3n.<\/p>\n","protected":false},"featured_media":1753,"comment_status":"open","ping_status":"closed","template":"","meta":[],"product_brand":[44],"product_cat":[36],"product_tag":[38,39],"class_list":{"0":"post-1749","1":"product","2":"type-product","3":"status-publish","4":"has-post-thumbnail","6":"product_brand-transformers","7":"product_cat-transformers","8":"product_tag-a-partir-de-15-anos","9":"product_tag-serie-premiun","11":"first","12":"instock","13":"shipping-taxable","14":"purchasable","15":"product-type-simple"},"_links":{"self":[{"href":"https:\/\/flydjdesigns.com\/index.php\/wp-json\/wp\/v2\/product\/1749","targetHints":{"allow":["GET"]}}],"collection":[{"href":"https:\/\/flydjdesigns.com\/index.php\/wp-json\/wp\/v2\/product"}],"about":[{"href":"https:\/\/flydjdesigns.com\/index.php\/wp-json\/wp\/v2\/types\/product"}],"replies":[{"embeddable":true,"href":"https:\/\/flydjdesigns.com\/index.php\/wp-json\/wp\/v2\/comments?post=1749"}],"wp:featuredmedia":[{"embeddable":true,"href":"https:\/\/flydjdesigns.com\/index.php\/wp-json\/wp\/v2\/media\/1753"}],"wp:attachment":[{"href":"https:\/\/flydjdesigns.com\/index.php\/wp-json\/wp\/v2\/media?parent=1749"}],"wp:term":[{"taxonomy":"product_brand","embeddable":true,"href":"https:\/\/flydjdesigns.com\/index.php\/wp-json\/wp\/v2\/product_brand?post=1749"},{"taxonomy":"product_cat","embeddable":true,"href":"https:\/\/flydjdesigns.com\/index.php\/wp-json\/wp\/v2\/product_cat?post=1749"},{"taxonomy":"product_tag","embeddable":true,"href":"https:\/\/flydjdesigns.com\/index.php\/wp-json\/wp\/v2\/product_tag?post=1749"}],"curies":[{"name":"wp","href":"https:\/\/api.w.org\/{rel}","templated":true}]}}