{"id":1758,"date":"2025-05-06T03:00:51","date_gmt":"2025-05-06T01:00:51","guid":{"rendered":"https:\/\/flydjdesigns.com\/?post_type=product&#038;p=1758"},"modified":"2025-05-06T03:00:51","modified_gmt":"2025-05-06T01:00:51","slug":"serie-de-clasificados-de-gi-joe-n-o-114-big-boa","status":"publish","type":"product","link":"https:\/\/flydjdesigns.com\/index.php\/producto\/serie-de-clasificados-de-gi-joe-n-o-114-big-boa\/","title":{"rendered":"Serie de clasificados de GI Joe n.\u00ba 114, Big Boa"},"content":{"rendered":"<div><span>GI Joe es una fuerza de operaciones especiales altamente calificada, disponible a pedido, compuesta por hombres y mujeres de todo el mundo, encargados de defender el mundo de Cobra, una despiadada organizaci\u00f3n criminal empe\u00f1ada en la dominaci\u00f3n total. Los valientes miembros de GI Joe est\u00e1n preparados para buscar a Cobra en cualquier entorno del planeta. Dondequiera que haya problemas, GI Joe est\u00e1 ah\u00ed. Nuevo en la l\u00ednea GI Joe Classified Series, Big Boa viene listo para la aventura, con m\u00faltiples puntos de articulaci\u00f3n para una alta posabilidad. Esta figura de Big Boa contiene 5 accesorios inspirados en el personaje, incluyendo casco, 2 mancuernas y guantes de boxeo extra\u00edbles para cubrir sus nudillos ensangrentados. Los soldados Cobra pueden ser un grupo rebelde a veces. No est\u00e1n motivados por el patriotismo, la lealtad a la unidad, el honor ni el sentido del deber. Se necesita un capataz brutal e insensible para ponerlos en forma para el combate, y Big Boa es perfecto para ello. Tiene una voz como un meg\u00e1fono, pu\u00f1os del tama\u00f1o de pavos congelados y el temperamento de un oso grizzly rabioso.<\/span><\/div>\n<p><span>GI Joe y todos los personajes relacionados son marcas comerciales de Hasbro.<\/span><\/p>\n<p><span>Incluye: Figura y 5 piezas de accesorios.<\/span><\/p>\n<ul>\n<li><span>\u00a1YO JOE! GI JOE EXPLOTA EN UNA ERA M\u00c1S GRANDE QUE LA VIDA CON FIGURAS DE ACCI\u00d3N DE 6 PULGADAS: La serie GI Joe Classified evoluciona los juguetes retro que los fan\u00e1ticos conocen y aman en una escala altamente articulada de 6 pulgadas (150 mm) con decoraci\u00f3n y detalles de primera calidad.<\/span><\/li>\n<\/ul>\n<ul>\n<li><span>DISE\u00d1O CL\u00c1SICO INSPIRADO EN BIG BOA: presenta un dise\u00f1o cl\u00e1sico actualizado para traer al Cobra Trainer a la era moderna y 5 piezas de accesorios inspiradas en la rica historia del personaje.<\/span><\/li>\n<\/ul>\n<ul>\n<li><span>ALTAMENTE POSEABLE CON DETALLES PREMIUM: el juego de figuras de acci\u00f3n Big Boa de la serie GI Joe Classified presenta detalles y articulaci\u00f3n excepcionales para una pose genial para crear dioramas din\u00e1micos (algunas poses pueden requerir soporte adicional)<\/span><\/li>\n<\/ul>\n<ul>\n<li><span>EMPAQUE COLECCIONABLE CON VENTANA: N.\u00b0 114 de la serie Classified. La caja abierta muestra la figura junto con sus accesorios, iconos de ficha espec\u00edficos de la figura, magn\u00edficas ilustraciones originales del personaje y renders digitales din\u00e1micos.<\/span><\/li>\n<\/ul>\n<ul>\n<li><span>AMPL\u00cdA TU COLECCI\u00d3N: Busca otras figuras y juguetes de GI Joe para construir tu lista de h\u00e9roes y villanos de Cobra (Cada uno se vende por separado. Sujeto a disponibilidad).<\/span><\/li>\n<\/ul>\n<ul>\n<li><span>Esta figura de Big Boa es un gran regalo para los fan\u00e1ticos de toda la vida de los juguetes de GI Joe o para ni\u00f1os y ni\u00f1as que aman la acci\u00f3n y la aventura.<\/span><\/li>\n<\/ul>\n<p>&nbsp;<\/p>\n<p><span>A partir de 4 a\u00f1os<\/span><\/p>\n<p><span>\u26a0\ufe0f ADVERTENCIA: PELIGRO DE ASFIXIA &#8211; Piezas peque\u00f1as. No apto para ni\u00f1os menores de 3 a\u00f1os.<\/span><\/p>\n<p><span>F9430<\/span><\/p>\n","protected":false},"excerpt":{"rendered":"<p>Los valientes miembros de GI Joe est\u00e1n preparados para buscar a Cobra en cualquier entorno del planeta. Dondequiera que haya problemas, GI Joe est\u00e1 ah\u00ed. Nuevo en la l\u00ednea GI Joe Classified Series, Big Boa viene listo para la aventura, con m\u00faltiples puntos de articulaci\u00f3n para una alta posabilidad.<\/p>\n","protected":false},"featured_media":1765,"comment_status":"open","ping_status":"closed","template":"","meta":[],"product_brand":[45],"product_cat":[48],"product_tag":[41],"class_list":{"0":"post-1758","1":"product","2":"type-product","3":"status-publish","4":"has-post-thumbnail","6":"product_brand-g-i-o","7":"product_cat-g-i-o","8":"product_tag-a-partir-de-4-anos","10":"first","11":"instock","12":"shipping-taxable","13":"purchasable","14":"product-type-simple"},"_links":{"self":[{"href":"https:\/\/flydjdesigns.com\/index.php\/wp-json\/wp\/v2\/product\/1758","targetHints":{"allow":["GET"]}}],"collection":[{"href":"https:\/\/flydjdesigns.com\/index.php\/wp-json\/wp\/v2\/product"}],"about":[{"href":"https:\/\/flydjdesigns.com\/index.php\/wp-json\/wp\/v2\/types\/product"}],"replies":[{"embeddable":true,"href":"https:\/\/flydjdesigns.com\/index.php\/wp-json\/wp\/v2\/comments?post=1758"}],"wp:featuredmedia":[{"embeddable":true,"href":"https:\/\/flydjdesigns.com\/index.php\/wp-json\/wp\/v2\/media\/1765"}],"wp:attachment":[{"href":"https:\/\/flydjdesigns.com\/index.php\/wp-json\/wp\/v2\/media?parent=1758"}],"wp:term":[{"taxonomy":"product_brand","embeddable":true,"href":"https:\/\/flydjdesigns.com\/index.php\/wp-json\/wp\/v2\/product_brand?post=1758"},{"taxonomy":"product_cat","embeddable":true,"href":"https:\/\/flydjdesigns.com\/index.php\/wp-json\/wp\/v2\/product_cat?post=1758"},{"taxonomy":"product_tag","embeddable":true,"href":"https:\/\/flydjdesigns.com\/index.php\/wp-json\/wp\/v2\/product_tag?post=1758"}],"curies":[{"name":"wp","href":"https:\/\/api.w.org\/{rel}","templated":true}]}}