{"id":1785,"date":"2025-05-06T03:10:57","date_gmt":"2025-05-06T01:10:57","guid":{"rendered":"https:\/\/flydjdesigns.com\/?post_type=product&#038;p=1785"},"modified":"2025-05-11T01:30:51","modified_gmt":"2025-05-10T23:30:51","slug":"juego-de-monopoly-board-crawl","status":"publish","type":"product","link":"https:\/\/flydjdesigns.com\/index.php\/producto\/juego-de-monopoly-board-crawl\/","title":{"rendered":"Juego de Monopoly Board Crawl"},"content":{"rendered":"<p><span>En el juego Monopoly Board Crawl, t\u00fa y tus amigos pueden disfrutar de una noche desenfrenada&#8230; \u00a1en casa! Es el juego oficial de Monopoly para beber. El objetivo del juego es simple: bebe (tu bebida preferida) y consigue la mayor cantidad de propiedades para ganar. Tira el dado y visita diferentes espacios en el tablero, desde la Prepartida hasta el Bar de la Azotea. Los sorbos son la moneda, as\u00ed que cuando caes en una propiedad, puedes comprarla con una bebida. Tambi\u00e9n puedes pagar la renta con sorbos o robarle esa propiedad a su due\u00f1o cumpliendo un reto. \u00a1El jugador con m\u00e1s escrituras despu\u00e9s de que todos pasen por la Salida gana! Este r\u00e1pido y divertido juego de fiesta para adultos es divertid\u00edsimo para las noches de juegos, y es uno de los mejores juegos de noche de juegos para grupos. Los divertidos juegos de fiesta para adultos tambi\u00e9n son excelentes regalos de cumplea\u00f1os, festivos y de elefante blanco para mayores de 21 a\u00f1os. (No se requiere el consumo de alcohol para jugar a este juego).<\/span><\/p>\n<p><span>\u26a0\ufe0f\u00a0<\/span><strong><span>ADVERTENCIA<\/span><\/strong><span>\u00a0: No es necesario consumir alcohol para jugar. Adem\u00e1s, reconoces que, si consumes bebidas alcoh\u00f3licas al jugar, tienes al menos 21 a\u00f1os (o la edad legal para consumir alcohol donde sea que juegues) y que beber\u00e1s responsablemente. T\u00fa y todos los jugadores eximen a MONOPOLY BOARD CRAWL de cualquier reclamaci\u00f3n o acci\u00f3n legal derivada del juego.<\/span><\/p>\n<p><span>Los nombres y logotipos de HASBRO y MONOPOLY, el dise\u00f1o distintivo del tablero de juego, las cuatro casillas de las esquinas, el nombre y el personaje MR. MONOPOLY, as\u00ed como cada uno de los elementos distintivos del tablero y las piezas de juego son marcas comerciales de Hasbro, Inc. para su juego de intercambio de propiedades y equipos de juego.<\/span><\/p>\n<p>&nbsp;<\/p>\n<header id=\"chakra-modal--header-:r0:\" class=\"chakra-modal__header css-1qqt9ni\">\n<p class=\"chakra-text css-1lejymi\"><span>Caracter\u00edsticas del producto<\/span><\/p>\n<\/header>\n<div id=\"chakra-modal--body-:r0:\" class=\"chakra-modal__body css-bujuzb\">\n<div class=\"chakra-text css-79wky\">\n<ul class=\"css-tu0njr\" role=\"list\">\n<li class=\"css-0\"><span>MONOPOLY SOLO PARA ADULTOS: Bueno, esc\u00fachennos&#8230; el Monopoly, pero convi\u00e9rtalo en un juego para beber. Sin dinero, sin bancarrota, sin voltear el tablero. \u00a1Solo tira, mueve y bebe! Es el juego oficial de Monopoly para beber, para mayores de 21 a\u00f1os.<\/span><\/li>\n<li class=\"css-0\"><span>ES UN JUEGO DE BEBER: El objetivo es simple: \u00a1Beber! Intenta conseguir la mayor cantidad de t\u00edtulos de propiedad. Recorre el tablero recolectando propiedades como el Toro Mec\u00e1nico y el Karaoke. Pero no pagas en efectivo, sino con tragos (a tu elecci\u00f3n).<\/span><\/li>\n<li class=\"css-0\"><span>COMPLETA DESAF\u00cdOS DIVERTIDOS: \u00bfTerrenos en una propiedad ajena? Toma la cantidad de sorbos de esa escritura o r\u00f3bala completando un desaf\u00edo rid\u00edculo.<\/span><\/li>\n<li class=\"css-0\"><span>ACEPTA RETOS ARRIESGADOS, CONFIESA VERDADES REVELADORAS: En este juego de Monopoly para adultos, las cartas de Azar aumentan la tensi\u00f3n con retos impredecibles y preguntas vergonzosas. \u00bfQuieres pasar? \u00a1Pues a por todas!<\/span><\/li>\n<li class=\"css-0\"><span>10 FICHAS DORADAS: Elige la ficha que mejor se adapte a tu personalidad. \u00bfEres Campfire (el que est\u00e1 encendido)? \u00bfO Rooster (el que se enorgullece)? Tambi\u00e9n incluye Pato, Sombrero de Vaquero, T-Rex, Cara Sonriente, Aviadores, Pez y m\u00e1s.<\/span><\/li>\n<li class=\"css-0\"><span>JUEGA EN APROXIMADAMENTE 30 MINUTOS: \u00a1Juega en la mitad del tiempo que dura una hora feliz! Cada jugador solo tiene que dar una vuelta al tablero. El jugador con m\u00e1s t\u00edtulos de propiedad gana.<\/span><\/li>\n<li class=\"css-0\"><span>JUEGO PERFECTO PARA FIESTAS DE 2 A 10 JUGADORES: \u00bfBuscas juegos divertidos para beber para noches de juegos, fiestas, noches de chicas, despedidas de soltero\/a, rompehielos o vacaciones? Este juego de mesa para adultos es una fiesta en una caja.<\/span><\/li>\n<\/ul>\n<\/div>\n<\/div>\n","protected":false},"excerpt":{"rendered":"<p>En el juego Monopoly Board Crawl, t\u00fa y tus amigos pueden disfrutar de una noche desenfrenada&#8230; \u00a1en casa! Es el juego oficial de Monopoly para beber. El objetivo del juego es simple: bebe (tu bebida preferida) y consigue la mayor cantidad de propiedades para ganar.<\/p>\n","protected":false},"featured_media":1795,"comment_status":"open","ping_status":"closed","template":"","meta":[],"product_brand":[49],"product_cat":[51,50],"product_tag":[],"class_list":{"0":"post-1785","1":"product","2":"type-product","3":"status-publish","4":"has-post-thumbnail","6":"product_brand-monopoly","7":"product_cat-juegos-de-mesa","8":"product_cat-monopoly","10":"first","11":"instock","12":"shipping-taxable","13":"purchasable","14":"product-type-simple"},"_links":{"self":[{"href":"https:\/\/flydjdesigns.com\/index.php\/wp-json\/wp\/v2\/product\/1785","targetHints":{"allow":["GET"]}}],"collection":[{"href":"https:\/\/flydjdesigns.com\/index.php\/wp-json\/wp\/v2\/product"}],"about":[{"href":"https:\/\/flydjdesigns.com\/index.php\/wp-json\/wp\/v2\/types\/product"}],"replies":[{"embeddable":true,"href":"https:\/\/flydjdesigns.com\/index.php\/wp-json\/wp\/v2\/comments?post=1785"}],"wp:featuredmedia":[{"embeddable":true,"href":"https:\/\/flydjdesigns.com\/index.php\/wp-json\/wp\/v2\/media\/1795"}],"wp:attachment":[{"href":"https:\/\/flydjdesigns.com\/index.php\/wp-json\/wp\/v2\/media?parent=1785"}],"wp:term":[{"taxonomy":"product_brand","embeddable":true,"href":"https:\/\/flydjdesigns.com\/index.php\/wp-json\/wp\/v2\/product_brand?post=1785"},{"taxonomy":"product_cat","embeddable":true,"href":"https:\/\/flydjdesigns.com\/index.php\/wp-json\/wp\/v2\/product_cat?post=1785"},{"taxonomy":"product_tag","embeddable":true,"href":"https:\/\/flydjdesigns.com\/index.php\/wp-json\/wp\/v2\/product_tag?post=1785"}],"curies":[{"name":"wp","href":"https:\/\/api.w.org\/{rel}","templated":true}]}}