{"id":1802,"date":"2025-05-06T03:15:55","date_gmt":"2025-05-06T01:15:55","guid":{"rendered":"https:\/\/flydjdesigns.com\/?post_type=product&#038;p=1802"},"modified":"2025-05-06T03:17:30","modified_gmt":"2025-05-06T01:17:30","slug":"edicion-limitada-del-50-o-aniversario-de-dungeons-dragons-juego-de-lingotes-con-portada-de-libro-de-la-1-a-edicion","status":"publish","type":"product","link":"https:\/\/flydjdesigns.com\/index.php\/producto\/edicion-limitada-del-50-o-aniversario-de-dungeons-dragons-juego-de-lingotes-con-portada-de-libro-de-la-1-a-edicion\/","title":{"rendered":"Edici\u00f3n limitada del 50.\u00ba aniversario de Dungeons &#038; Dragons, juego de lingotes con portada de libro de la 1.\u00aa edici\u00f3n"},"content":{"rendered":"<p>Celebrando los 50 a\u00f1os de Dungeons &amp; Dragons, estos tres lingotes de edici\u00f3n limitada representan las ilustraciones de Dave Sutherland y Dave Trampier para las primeras ediciones del Manual del Jugador, el Manual de Monstruos y la Gu\u00eda del Dungeon Master, que hoy en d\u00eda siguen siendo el est\u00e1ndar de la industria en libros de reglas de juego. Cada uno mide 70 x 90 mm, tiene un acabado en oro antiguo y est\u00e1 decorado con esmalte de color. Se presentan en una caja de presentaci\u00f3n de 276 x 126 x 61 mm y est\u00e1n numerados individualmente como uno de los 1974 ejemplares (conmemorando el 50.\u00ba aniversario de D&amp;D).<\/p>\n<h2><strong>Caracter\u00edsticas del producto<\/strong><\/h2>\n<ul>\n<li>Con licencia oficial<\/li>\n<li>Limitada a 1974 en todo el mundo<\/li>\n<li>Caja de presentaci\u00f3n numerada individualmente<\/li>\n<li>Lingotes de 70 x 90 mm<\/li>\n<li>Caja expositora 276 x 126 x 61 mm<\/li>\n<\/ul>\n<p>&nbsp;<\/p>\n","protected":false},"excerpt":{"rendered":"<p>Celebrando los 50 a\u00f1os de Dungeons &amp; Dragons, estos tres lingotes de edici\u00f3n limitada representan las ilustraciones de Dave Sutherland y Dave Trampier<\/p>\n","protected":false},"featured_media":1807,"comment_status":"open","ping_status":"closed","template":"","meta":[],"product_brand":[47],"product_cat":[46,51],"product_tag":[38,37,39],"class_list":{"0":"post-1802","1":"product","2":"type-product","3":"status-publish","4":"has-post-thumbnail","6":"product_brand-dungeons-dragons","7":"product_cat-dungeons-dragons","8":"product_cat-juegos-de-mesa","9":"product_tag-a-partir-de-15-anos","10":"product_tag-coleccionable","11":"product_tag-serie-premiun","13":"first","14":"instock","15":"sold-individually","16":"shipping-taxable","17":"purchasable","18":"product-type-simple"},"_links":{"self":[{"href":"https:\/\/flydjdesigns.com\/index.php\/wp-json\/wp\/v2\/product\/1802","targetHints":{"allow":["GET"]}}],"collection":[{"href":"https:\/\/flydjdesigns.com\/index.php\/wp-json\/wp\/v2\/product"}],"about":[{"href":"https:\/\/flydjdesigns.com\/index.php\/wp-json\/wp\/v2\/types\/product"}],"replies":[{"embeddable":true,"href":"https:\/\/flydjdesigns.com\/index.php\/wp-json\/wp\/v2\/comments?post=1802"}],"wp:featuredmedia":[{"embeddable":true,"href":"https:\/\/flydjdesigns.com\/index.php\/wp-json\/wp\/v2\/media\/1807"}],"wp:attachment":[{"href":"https:\/\/flydjdesigns.com\/index.php\/wp-json\/wp\/v2\/media?parent=1802"}],"wp:term":[{"taxonomy":"product_brand","embeddable":true,"href":"https:\/\/flydjdesigns.com\/index.php\/wp-json\/wp\/v2\/product_brand?post=1802"},{"taxonomy":"product_cat","embeddable":true,"href":"https:\/\/flydjdesigns.com\/index.php\/wp-json\/wp\/v2\/product_cat?post=1802"},{"taxonomy":"product_tag","embeddable":true,"href":"https:\/\/flydjdesigns.com\/index.php\/wp-json\/wp\/v2\/product_tag?post=1802"}],"curies":[{"name":"wp","href":"https:\/\/api.w.org\/{rel}","templated":true}]}}