{"id":1808,"date":"2025-05-06T03:19:29","date_gmt":"2025-05-06T01:19:29","guid":{"rendered":"https:\/\/flydjdesigns.com\/?post_type=product&#038;p=1808"},"modified":"2025-05-06T03:19:29","modified_gmt":"2025-05-06T01:19:29","slug":"set-de-metal-del-50-o-aniversario-de-dungeons-dragons","status":"publish","type":"product","link":"https:\/\/flydjdesigns.com\/index.php\/producto\/set-de-metal-del-50-o-aniversario-de-dungeons-dragons\/","title":{"rendered":"Set de metal del 50.\u00ba aniversario de Dungeons &#038; Dragons"},"content":{"rendered":"<p><span>Inspirado en el set original, FanRoll le dio un toque moderno a este set con metal s\u00f3lido y robusto. Viene en un estuche de alta calidad que luce el drag\u00f3n rojo actual y complementa la r\u00e9plica.<\/span><\/p>\n<p><span>\u26a0\ufe0f\u00a0<\/span><strong><span>ADVERTENCIA<\/span><\/strong><span>\u00a0: PELIGRO DE ASFIXIA &#8211; Piezas peque\u00f1as. No apto para ni\u00f1os menores de 3 a\u00f1os.<\/span><\/p>\n","protected":false},"excerpt":{"rendered":"<p>Inspirado en el set original, FanRoll le dio un toque moderno a este set con metal s\u00f3lido y robusto. Viene en un estuche de alta calidad que luce el drag\u00f3n rojo actual y complementa la r\u00e9plica. \u26a0\ufe0f\u00a0ADVERTENCIA\u00a0: PELIGRO DE ASFIXIA &#8211; Piezas peque\u00f1as. No apto para ni\u00f1os menores de 3 a\u00f1os.<\/p>\n","protected":false},"featured_media":1812,"comment_status":"open","ping_status":"closed","template":"","meta":[],"product_brand":[47],"product_cat":[46,51],"product_tag":[37,39],"class_list":{"0":"post-1808","1":"product","2":"type-product","3":"status-publish","4":"has-post-thumbnail","6":"product_brand-dungeons-dragons","7":"product_cat-dungeons-dragons","8":"product_cat-juegos-de-mesa","9":"product_tag-coleccionable","10":"product_tag-serie-premiun","12":"first","13":"instock","14":"sold-individually","15":"shipping-taxable","16":"purchasable","17":"product-type-simple"},"_links":{"self":[{"href":"https:\/\/flydjdesigns.com\/index.php\/wp-json\/wp\/v2\/product\/1808","targetHints":{"allow":["GET"]}}],"collection":[{"href":"https:\/\/flydjdesigns.com\/index.php\/wp-json\/wp\/v2\/product"}],"about":[{"href":"https:\/\/flydjdesigns.com\/index.php\/wp-json\/wp\/v2\/types\/product"}],"replies":[{"embeddable":true,"href":"https:\/\/flydjdesigns.com\/index.php\/wp-json\/wp\/v2\/comments?post=1808"}],"wp:featuredmedia":[{"embeddable":true,"href":"https:\/\/flydjdesigns.com\/index.php\/wp-json\/wp\/v2\/media\/1812"}],"wp:attachment":[{"href":"https:\/\/flydjdesigns.com\/index.php\/wp-json\/wp\/v2\/media?parent=1808"}],"wp:term":[{"taxonomy":"product_brand","embeddable":true,"href":"https:\/\/flydjdesigns.com\/index.php\/wp-json\/wp\/v2\/product_brand?post=1808"},{"taxonomy":"product_cat","embeddable":true,"href":"https:\/\/flydjdesigns.com\/index.php\/wp-json\/wp\/v2\/product_cat?post=1808"},{"taxonomy":"product_tag","embeddable":true,"href":"https:\/\/flydjdesigns.com\/index.php\/wp-json\/wp\/v2\/product_tag?post=1808"}],"curies":[{"name":"wp","href":"https:\/\/api.w.org\/{rel}","templated":true}]}}