{"id":1813,"date":"2025-05-06T03:23:23","date_gmt":"2025-05-06T01:23:23","guid":{"rendered":"https:\/\/flydjdesigns.com\/?post_type=product&#038;p=1813"},"modified":"2025-05-06T03:23:23","modified_gmt":"2025-05-06T01:23:23","slug":"star-wars-la-serie-negra-force-fx-elite-sable-de-luz-de-ezra-bridger","status":"publish","type":"product","link":"https:\/\/flydjdesigns.com\/index.php\/producto\/star-wars-la-serie-negra-force-fx-elite-sable-de-luz-de-ezra-bridger\/","title":{"rendered":"STAR WARS: La Serie Negra Force FX Elite Sable de luz de Ezra Bridger"},"content":{"rendered":"<p><span>La fecha de env\u00edo estimada est\u00e1 sujeta a cambios, los art\u00edculos pueden enviarse antes o despu\u00e9s de lo previsto sin previo aviso.<\/span><\/p>\n<p><span>El pago se realizar\u00e1 una vez que el art\u00edculo est\u00e9 listo para enviarse.<\/span><\/p>\n<p><span>Reimagina escenas ic\u00f3nicas de la saga\u00a0<\/span><em><span>Star Wars<\/span><\/em><span>\u00a0y crea las tuyas propias con los sables de luz y cascos Black Series para juego de rol. Este sable de luz Force FX Black Series coleccionable est\u00e1 dise\u00f1ado para parecerse al sable de luz de Ezra Bridger de la serie de acci\u00f3n real\u00a0<\/span><em><span>Star Wars: Ahsoka\u2122<\/span><\/em><span>\u00a0en Disney+, e incluye un emisor similar al del sable del Maestro Jedi ca\u00eddo Kanan Jarrus. (Los productos adicionales se venden por separado. Sujeto a disponibilidad).\u00a0<\/span><\/p>\n<p><span>ADVERTENCIA: Este juguete produce destellos que pueden desencadenar epilepsia en personas sensibles.\u00a0<\/span><br \/>\n<span>REQUIERE 3 PILAS ALCALINAS AA DE 1,5 V. No incluidas.<\/span><\/p>\n<p><em><span>Los productos de Star Wars<\/span><\/em><span>\u00a0son producidos por Hasbro bajo licencia de Lucasfilm Ltd.<\/span><br \/>\n<span>HASBRO y todos los t\u00e9rminos relacionados son marcas comerciales de Hasbro, Inc.<\/span><\/p>\n<header id=\"chakra-modal--header-:r0:\" class=\"chakra-modal__header css-1qqt9ni\">\n<h2 class=\"chakra-text css-1lejymi\"><span>Caracter\u00edsticas del producto<\/span><\/h2>\n<\/header>\n<div id=\"chakra-modal--body-:r0:\" class=\"chakra-modal__body css-bujuzb\">\n<div class=\"chakra-text css-79wky\">\n<ul class=\"css-tu0njr\" role=\"list\">\n<li class=\"css-0\"><span>STAR WARS: AHSOKA\u2122: Este art\u00edculo de juego de rol con licencia oficial presenta un dise\u00f1o, decoraci\u00f3n y escala basados \u200b\u200ben el sable de luz\u2122 de Ezra Bridger construido en acci\u00f3n en vivo en STAR WARS: Ahsoka<\/span><\/li>\n<li class=\"css-0\"><span>LUCES AVANZADAS CON EFECTOS DE SONIDO: Combinando LED avanzados y efectos de sonido inspirados en el entretenimiento, el sable de luz Force FX Elite es el sable de luz de STAR WARS\u2122 m\u00e1s realista hasta el momento.\u00a0<\/span><\/li>\n<li class=\"css-0\"><span>EFECTOS INSPIRADOS EN LA SERIE: usa el interruptor y el bot\u00f3n en la empu\u00f1adura para activar los efectos de sonido, el encendido progresivo, el efecto de choque de batalla, el desv\u00edo del bl\u00e1ster, el efecto de corte de pared, el efecto de duelo y el modo de secuencia de batalla.<\/span><\/li>\n<li class=\"css-0\"><span>INCLUYE SOPORTE Y CONECTOR DE CA\u00d1\u00d3N: Exhibe con orgullo este sable de luz electr\u00f3nico en el soporte incluido, con o sin la hoja extra\u00edble. Usa el conector de ca\u00f1\u00f3n incluido cuando no uses la hoja.<\/span><\/li>\n<li class=\"css-0\"><span>DECORACI\u00d3N INSPIRADA EN EL PERSONAJE: Este sable presenta una hoja azul exclusiva del arma caracter\u00edstica de Ezra Bridger.<\/span><\/li>\n<li class=\"css-0\"><span>CONSTRUYENDO SU SABLE: Exiliado a otra galaxia despu\u00e9s de la Batalla final de Lothal, Ezra Bridger es rescatado por su amiga Sabine Wren en el antiguo mundo de Peridea.<\/span><\/li>\n<li class=\"css-0\"><span>CREA UNA COLECCI\u00d3N \u00c9PICA: Los art\u00edculos de rol de STAR WARS The Black Series son una adici\u00f3n impresionante a cualquier colecci\u00f3n de disfraces de STAR WARS para adultos. Busca otros art\u00edculos premium para rol de adultos, como los cascos Black Series (se venden por separado. Sujeto a disponibilidad).\u00a0<\/span><\/li>\n<\/ul>\n<\/div>\n<\/div>\n","protected":false},"excerpt":{"rendered":"<p><span>Reimagina escenas ic\u00f3nicas de la saga\u00a0<\/span><em><span>Star Wars<\/span><\/em><span>\u00a0y crea las tuyas propias con los sables de luz y cascos Black Series para juego de rol. Este sable de luz Force FX Black Series coleccionable est\u00e1 dise\u00f1ado para parecerse al sable de luz de Ezra Bridger de la serie de acci\u00f3n real\u00a0<\/span><em><span>Star Wars: Ahsoka\u2122<\/span><\/em><span>\u00a0en Disney+<\/span><\/p>\n<div class=\"css-rb9aor\">\n<div class=\"css-13buc9q\">\n<div class=\"css-0\">\n<p class=\"chakra-text css-79wky\"><span>Advertencias\/Precauciones del producto<\/span><\/p>\n<\/div>\n<\/div>\n<div class=\"css-0\"><span><strong>ADVERTENCIA<\/strong>: Este juguete produce destellos que pueden desencadenar epilepsia en personas sensibles. REQUIERE 3 PILAS ALCALINAS AA DE 1,5 V. No incluidas.<\/span><\/div>\n<div><\/div>\n<\/div>\n<div class=\"css-17nlw6z\">\n<div class=\"css-13buc9q\">\n<div class=\"chakra-text css-0\">\n<p><span>Este art\u00edculo de pedido anticipado estar\u00e1 disponible para env\u00edo aproximadamente el 1 de septiembre de 2025.<\/span><\/p>\n<\/div>\n<\/div>\n<\/div>\n","protected":false},"featured_media":1822,"comment_status":"open","ping_status":"closed","template":"","meta":[],"product_brand":[43],"product_cat":[42,40],"product_tag":[37,39],"class_list":{"0":"post-1813","1":"product","2":"type-product","3":"status-publish","4":"has-post-thumbnail","6":"product_brand-star-wars","7":"product_cat-mercancia-de-fans","8":"product_cat-star-wars","9":"product_tag-coleccionable","10":"product_tag-serie-premiun","12":"first","13":"instock","14":"sold-individually","15":"shipping-taxable","16":"purchasable","17":"product-type-simple"},"_links":{"self":[{"href":"https:\/\/flydjdesigns.com\/index.php\/wp-json\/wp\/v2\/product\/1813","targetHints":{"allow":["GET"]}}],"collection":[{"href":"https:\/\/flydjdesigns.com\/index.php\/wp-json\/wp\/v2\/product"}],"about":[{"href":"https:\/\/flydjdesigns.com\/index.php\/wp-json\/wp\/v2\/types\/product"}],"replies":[{"embeddable":true,"href":"https:\/\/flydjdesigns.com\/index.php\/wp-json\/wp\/v2\/comments?post=1813"}],"wp:featuredmedia":[{"embeddable":true,"href":"https:\/\/flydjdesigns.com\/index.php\/wp-json\/wp\/v2\/media\/1822"}],"wp:attachment":[{"href":"https:\/\/flydjdesigns.com\/index.php\/wp-json\/wp\/v2\/media?parent=1813"}],"wp:term":[{"taxonomy":"product_brand","embeddable":true,"href":"https:\/\/flydjdesigns.com\/index.php\/wp-json\/wp\/v2\/product_brand?post=1813"},{"taxonomy":"product_cat","embeddable":true,"href":"https:\/\/flydjdesigns.com\/index.php\/wp-json\/wp\/v2\/product_cat?post=1813"},{"taxonomy":"product_tag","embeddable":true,"href":"https:\/\/flydjdesigns.com\/index.php\/wp-json\/wp\/v2\/product_tag?post=1813"}],"curies":[{"name":"wp","href":"https:\/\/api.w.org\/{rel}","templated":true}]}}