{"id":1823,"date":"2025-05-06T03:28:47","date_gmt":"2025-05-06T01:28:47","guid":{"rendered":"https:\/\/flydjdesigns.com\/?post_type=product&#038;p=1823"},"modified":"2025-05-11T01:30:51","modified_gmt":"2025-05-10T23:30:51","slug":"mighty-morphin-power-rangers-deluxe-ola-01-ranger-blanco","status":"publish","type":"product","link":"https:\/\/flydjdesigns.com\/index.php\/producto\/mighty-morphin-power-rangers-deluxe-ola-01-ranger-blanco\/","title":{"rendered":"Mighty Morphin Power Rangers Deluxe Ola 01 &#8211; Ranger Blanco"},"content":{"rendered":"<p><span>\u00a1Vuelve a la cima de la Morphinman\u00eda con las nuevas figuras de acci\u00f3n Mighty Morphin Power Rangers Deluxe de Super7! Estas figuras articuladas Deluxe de 18 cm de los Rangers Rojo, Amarillo, Azul, Rosa, Negro, Verde y Blanco est\u00e1n inspiradas en los juguetes MMPR cl\u00e1sicos de los 90, presentan un esculpido intrincado y detalles de pintura met\u00e1lica y brillante de primera calidad, incluyen accesorios de juguete y vienen en una caja triangular con ventana. \u00a1Ampl\u00eda tu colecci\u00f3n con las nuevas figuras Mighty Morphin Power Rangers Deluxe de Super7!<\/span><\/p>\n<p><span>Imbuido con los poderes de la Luz Blanca del Bien, el Ranger Blanco es inmune al hechizo de Rita Repulsa y las fuerzas del mal. Esta figura articulada de 18 cm de los Mighty Morphin Power Rangers Deluxe del Ranger Blanco est\u00e1 inspirada en los juguetes MMPR vintage de los 90, presenta un esculpido intrincado y detalles de pintura met\u00e1lica y brillante de primera calidad, incluye un bl\u00e1ster de juguete y la Espada Saba, \u00a1y viene en una caja triangular con ventana! \u00a1Es hora de transformar tu colecci\u00f3n con esta figura de los Mighty Morphin Power Ranger Deluxe!<\/span><\/p>\n<ul>\n<li><span>Inspirado en la l\u00ednea de juguetes vintage Mighty Morphin Power Rangers de los a\u00f1os 90.<\/span><\/li>\n<li><span>La figura tiene una escala de 7&#8243; con 19 puntos de articulaci\u00f3n y presenta una escultura intrincada y detalles de pintura met\u00e1lica y brillante de primera calidad.<\/span><\/li>\n<li><span>Incluye un blaster de juguete y accesorios de espada Saba.<\/span><\/li>\n<li><span>El regalo perfecto para cualquier coleccionista o fan\u00e1tico de Mighty Morphin Power Rangers; \u00a1colecciona toda la l\u00ednea de figuras de acci\u00f3n, accesorios y ropa MMPR de Super7!<\/span><\/li>\n<\/ul>\n<p><span>\u26a0\ufe0f\u00a0<\/span><strong><span>ADVERTENCIA<\/span><\/strong><span>\u00a0: PELIGRO DE ASFIXIA &#8211; Piezas peque\u00f1as. No apto para ni\u00f1os menores de 3 a\u00f1os.<\/span><\/p>\n<header id=\"chakra-modal--header-:r39:\" class=\"chakra-modal__header css-1qqt9ni\">\n<h2 class=\"chakra-text css-1lejymi\"><span>Caracter\u00edsticas del producto<\/span><\/h2>\n<\/header>\n<div id=\"chakra-modal--body-:r39:\" class=\"chakra-modal__body css-bujuzb\">\n<div class=\"chakra-text css-79wky\">\n<ul class=\"css-tu0njr\" role=\"list\">\n<li class=\"css-0\"><span>Inspirado en la l\u00ednea de juguetes vintage Mighty Morphin Power Rangers de los a\u00f1os 90.<\/span><\/li>\n<li class=\"css-0\"><span>La figura tiene una escala de 7&#8243; con 19 puntos de articulaci\u00f3n y presenta una escultura intrincada y detalles de pintura met\u00e1lica y brillante de primera calidad.<\/span><\/li>\n<li class=\"css-0\"><span>Incluye un blaster de juguete y accesorios de espada Saba.<\/span><\/li>\n<li class=\"css-0\"><span>El regalo perfecto para cualquier coleccionista o fan\u00e1tico de Mighty Morphin Power Rangers; \u00a1colecciona toda la l\u00ednea de figuras de acci\u00f3n, accesorios y ropa MMPR de Super7!<\/span><\/li>\n<\/ul>\n<\/div>\n<\/div>\n","protected":false},"excerpt":{"rendered":"<p>Imbuido con los poderes de la Luz Blanca del Bien, el Ranger Blanco es inmune al hechizo de Rita Repulsa y las fuerzas del mal. Esta figura articulada de 18 cm de los Mighty Morphin Power Rangers Deluxe del Ranger Blanco est\u00e1 inspirada en los juguetes MMPR vintage de los 90.<\/p>\n","protected":false},"featured_media":1826,"comment_status":"open","ping_status":"closed","template":"","meta":[],"product_brand":[52],"product_cat":[53],"product_tag":[41,37],"class_list":{"0":"post-1823","1":"product","2":"type-product","3":"status-publish","4":"has-post-thumbnail","6":"product_brand-power-rangers","7":"product_cat-power-rangers","8":"product_tag-a-partir-de-4-anos","9":"product_tag-coleccionable","11":"first","12":"instock","13":"shipping-taxable","14":"purchasable","15":"product-type-simple"},"_links":{"self":[{"href":"https:\/\/flydjdesigns.com\/index.php\/wp-json\/wp\/v2\/product\/1823","targetHints":{"allow":["GET"]}}],"collection":[{"href":"https:\/\/flydjdesigns.com\/index.php\/wp-json\/wp\/v2\/product"}],"about":[{"href":"https:\/\/flydjdesigns.com\/index.php\/wp-json\/wp\/v2\/types\/product"}],"replies":[{"embeddable":true,"href":"https:\/\/flydjdesigns.com\/index.php\/wp-json\/wp\/v2\/comments?post=1823"}],"wp:featuredmedia":[{"embeddable":true,"href":"https:\/\/flydjdesigns.com\/index.php\/wp-json\/wp\/v2\/media\/1826"}],"wp:attachment":[{"href":"https:\/\/flydjdesigns.com\/index.php\/wp-json\/wp\/v2\/media?parent=1823"}],"wp:term":[{"taxonomy":"product_brand","embeddable":true,"href":"https:\/\/flydjdesigns.com\/index.php\/wp-json\/wp\/v2\/product_brand?post=1823"},{"taxonomy":"product_cat","embeddable":true,"href":"https:\/\/flydjdesigns.com\/index.php\/wp-json\/wp\/v2\/product_cat?post=1823"},{"taxonomy":"product_tag","embeddable":true,"href":"https:\/\/flydjdesigns.com\/index.php\/wp-json\/wp\/v2\/product_tag?post=1823"}],"curies":[{"name":"wp","href":"https:\/\/api.w.org\/{rel}","templated":true}]}}